{"id":1349,"date":"2013-02-16T18:47:27","date_gmt":"2013-02-16T18:47:27","guid":{"rendered":"http:\/\/veteranosrclac14.wordpress.com\/?page_id=1349"},"modified":"2023-05-09T10:59:31","modified_gmt":"2023-05-09T10:59:31","slug":"asociate","status":"publish","type":"page","link":"https:\/\/asociacionveteranosvillaviciosa14.com\/index.php\/asociate\/","title":{"rendered":"\u00bfQuieres asociarte?"},"content":{"rendered":"\t\t<div data-elementor-type=\"wp-page\" data-elementor-id=\"1349\" class=\"elementor elementor-1349\">\n\t\t\t\t\t\t<section class=\"elementor-section elementor-top-section elementor-element elementor-element-17ff2e15 elementor-section-boxed elementor-section-height-default elementor-section-height-default\" data-id=\"17ff2e15\" data-element_type=\"section\" data-e-type=\"section\">\n\t\t\t\t\t\t<div class=\"elementor-container elementor-column-gap-default\">\n\t\t\t\t\t<div class=\"elementor-column elementor-col-100 elementor-top-column elementor-element elementor-element-54eb2751\" data-id=\"54eb2751\" data-element_type=\"column\" data-e-type=\"column\">\n\t\t\t<div class=\"elementor-widget-wrap elementor-element-populated\">\n\t\t\t\t\t\t<div class=\"elementor-element elementor-element-7917a70c elementor-widget elementor-widget-text-editor\" data-id=\"7917a70c\" data-element_type=\"widget\" data-e-type=\"widget\" data-widget_type=\"text-editor.default\">\n\t\t\t\t<div class=\"elementor-widget-container\">\n\t\t\t\t\t\t\t\t\t<p>Esta es la informaci\u00f3n de c\u00f3mo hacerte socio de la Asociaci\u00f3n de Veteranos RCLAC Villaviciosa 14<\/p>\n<p>La cuota de socio es de 26,00 \u20ac al a\u00f1o.<\/p>\n<p>C.C.C. IBAN &nbsp;ES14 2085 9980 9103 3019 5337<\/p>\n<p>Para rellenar el bolet\u00edn de inscripci\u00f3n necesitar\u00e1s Adobe Reader. Si no dispones de la \u00faltima versi\u00f3n de Adobe Reader, puedes descargarla haciendo clic en el siguiente enlace:<\/p>\n<p><strong><a href=\"https:\/\/get.adobe.com\/es\/reader\/\">Adobe Reader<\/a><\/strong><\/p>\n<p>Para asociarte, descarga en tu ordenador y rellena los siguientes formularios:<\/p>\n<p><strong><a href=\"https:\/\/www.asociacionveteranosvillaviciosa14.com\/wp-content\/uploads\/2021\/01\/Boletin-de-inscripcion-1-1.pdf\" target=\"_blank\" rel=\"noopener\" data-wplink-edit=\"true\">Bolet\u00edn de inscripci\u00f3n.pdf<\/a><\/strong><\/p>\n<p><strong><a href=\"https:\/\/www.asociacionveteranosvillaviciosa14.com\/wp-content\/uploads\/2021\/01\/DOMICILIACION-BANCARIA-1.pdf\" target=\"_blank\" rel=\"noopener\">Impreso de domiciliaci\u00f3n.pdf<\/a><\/strong><\/p>\n<p>Una vez instalado Adobe Reader XI y descargado el bolet\u00edn de inscripci\u00f3n en tu ordenador, cumplimenta el bolet\u00edn rellenando todas las l\u00edneas de puntos.<br>Una vez hecho esto sigue similar procedimiento para rellenar el impreso de domiciliaci\u00f3n y guardarlo en tu ordenador.<\/p>\n<p>Debes remitirnos adjunto a un e-mail el bolet\u00edn de inscripci\u00f3n con tus datos rellenos para agilizar el proceso de inscripci\u00f3n.<\/p>\n<p>Env\u00edalo a la siguiente direcci\u00f3n de e-mail:<\/p>\n<p><a href=\"mailto:veteranos@asociacionveteranosvillaviciosa14.com\" target=\"_blank\" rel=\"noopener noreferrer\">veteranos@asociacionveteranosvillaviciosa14.com<\/a><\/p>\n<p><strong>Despu\u00e9s de enviarnos el bolet\u00edn por e-mail, imprime el bolet\u00edn y el impreso de domiciliaci\u00f3n, f\u00edrmalos y env\u00edalos por correo postal a la siguiente direcci\u00f3n:<\/strong><\/p>\n<p><strong>ASOCIACI\u00d3N DE VETERANOS DEL RCLAC14 VILLAVICIOSA<\/strong><br>Acuartelamiento General Cavalcanti.<br>Ctra Boadilla del Monte km 3,8<br>C.P.:&nbsp;<span style=\"letter-spacing: 0px;\">28223,&nbsp;<\/span><span style=\"letter-spacing: 0px;\">Pozuelo de Alarc\u00f3n, Madrid<\/span><\/p>\t\t\t\t\t\t\t\t<\/div>\n\t\t\t\t<\/div>\n\t\t\t\t\t<\/div>\n\t\t<\/div>\n\t\t\t\t\t<\/div>\n\t\t<\/section>\n\t\t\t\t<\/div>\n\t\t","protected":false},"excerpt":{"rendered":"<p>Esta es la informaci\u00f3n de c\u00f3mo hacerte socio de la Asociaci\u00f3n de Veteranos RCLAC Villaviciosa 14 La cuota de socio es de 26,00 \u20ac al a\u00f1o. C.C.C. IBAN &nbsp;ES14 2085 9980 9103 3019 5337 Para rellenar el bolet\u00edn de inscripci\u00f3n necesitar\u00e1s Adobe Reader. Si no dispones de la \u00faltima versi\u00f3n de Adobe Reader, puedes descargarla&hellip;<\/p>\n","protected":false},"author":1,"featured_media":14972,"parent":0,"menu_order":0,"comment_status":"closed","ping_status":"closed","template":"elementor_theme","meta":{"_eb_attr":"","footnotes":""},"class_list":["post-1349","page","type-page","status-publish","has-post-thumbnail","hentry"],"yoast_head":"<!-- This site is optimized with the Yoast SEO plugin v26.9 - https:\/\/yoast.com\/product\/yoast-seo-wordpress\/ -->\n<title>\u00bfQuieres asociarte? - ASVET RCLAC 14<\/title>\n<meta name=\"robots\" content=\"index, follow, max-snippet:-1, max-image-preview:large, max-video-preview:-1\" \/>\n<link rel=\"canonical\" href=\"https:\/\/asociacionveteranosvillaviciosa14.com\/index.php\/asociate\/\" \/>\n<meta property=\"og:locale\" content=\"es_ES\" \/>\n<meta property=\"og:type\" content=\"article\" \/>\n<meta property=\"og:title\" content=\"\u00bfQuieres asociarte? - ASVET RCLAC 14\" \/>\n<meta property=\"og:description\" content=\"Esta es la informaci\u00f3n de c\u00f3mo hacerte socio de la Asociaci\u00f3n de Veteranos RCLAC Villaviciosa 14 La cuota de socio es de 26,00 \u20ac al a\u00f1o. C.C.C. IBAN &nbsp;ES14 2085 9980 9103 3019 5337 Para rellenar el bolet\u00edn de inscripci\u00f3n necesitar\u00e1s Adobe Reader. Si no dispones de la \u00faltima versi\u00f3n de Adobe Reader, puedes descargarla&hellip;\" \/>\n<meta property=\"og:url\" content=\"https:\/\/asociacionveteranosvillaviciosa14.com\/index.php\/asociate\/\" \/>\n<meta property=\"og:site_name\" content=\"ASVET RCLAC 14\" \/>\n<meta property=\"article:publisher\" content=\"https:\/\/www.facebook.com\/VeteranosRclacVillaviciosa14\" \/>\n<meta property=\"article:modified_time\" content=\"2023-05-09T10:59:31+00:00\" \/>\n<meta property=\"og:image\" content=\"https:\/\/asociacionveteranosvillaviciosa14.com\/wp-content\/uploads\/2013\/01\/cropped-cropped-cabecera71.jpg\" \/>\n\t<meta property=\"og:image:width\" content=\"2000\" \/>\n\t<meta property=\"og:image:height\" content=\"550\" \/>\n\t<meta property=\"og:image:type\" content=\"image\/jpeg\" \/>\n<meta name=\"twitter:card\" content=\"summary_large_image\" \/>\n<meta name=\"twitter:site\" content=\"@RCLAC14\" \/>\n<meta name=\"twitter:label1\" content=\"Tiempo de lectura\" \/>\n\t<meta name=\"twitter:data1\" content=\"1 minuto\" \/>\n<script type=\"application\/ld+json\" class=\"yoast-schema-graph\">{\"@context\":\"https:\/\/schema.org\",\"@graph\":[{\"@type\":\"WebPage\",\"@id\":\"https:\/\/asociacionveteranosvillaviciosa14.com\/index.php\/asociate\/\",\"url\":\"https:\/\/asociacionveteranosvillaviciosa14.com\/index.php\/asociate\/\",\"name\":\"\u00bfQuieres asociarte? - ASVET RCLAC 14\",\"isPartOf\":{\"@id\":\"https:\/\/asociacionveteranosvillaviciosa14.com\/#website\"},\"primaryImageOfPage\":{\"@id\":\"https:\/\/asociacionveteranosvillaviciosa14.com\/index.php\/asociate\/#primaryimage\"},\"image\":{\"@id\":\"https:\/\/asociacionveteranosvillaviciosa14.com\/index.php\/asociate\/#primaryimage\"},\"thumbnailUrl\":\"https:\/\/asociacionveteranosvillaviciosa14.com\/wp-content\/uploads\/2013\/01\/cropped-cropped-cabecera71.jpg\",\"datePublished\":\"2013-02-16T18:47:27+00:00\",\"dateModified\":\"2023-05-09T10:59:31+00:00\",\"breadcrumb\":{\"@id\":\"https:\/\/asociacionveteranosvillaviciosa14.com\/index.php\/asociate\/#breadcrumb\"},\"inLanguage\":\"es\",\"potentialAction\":[{\"@type\":\"ReadAction\",\"target\":[\"https:\/\/asociacionveteranosvillaviciosa14.com\/index.php\/asociate\/\"]}]},{\"@type\":\"ImageObject\",\"inLanguage\":\"es\",\"@id\":\"https:\/\/asociacionveteranosvillaviciosa14.com\/index.php\/asociate\/#primaryimage\",\"url\":\"https:\/\/asociacionveteranosvillaviciosa14.com\/wp-content\/uploads\/2013\/01\/cropped-cropped-cabecera71.jpg\",\"contentUrl\":\"https:\/\/asociacionveteranosvillaviciosa14.com\/wp-content\/uploads\/2013\/01\/cropped-cropped-cabecera71.jpg\",\"width\":2000,\"height\":550},{\"@type\":\"BreadcrumbList\",\"@id\":\"https:\/\/asociacionveteranosvillaviciosa14.com\/index.php\/asociate\/#breadcrumb\",\"itemListElement\":[{\"@type\":\"ListItem\",\"position\":1,\"name\":\"Portada\",\"item\":\"https:\/\/asociacionveteranosvillaviciosa14.com\/\"},{\"@type\":\"ListItem\",\"position\":2,\"name\":\"\u00bfQuieres asociarte?\"}]},{\"@type\":\"WebSite\",\"@id\":\"https:\/\/asociacionveteranosvillaviciosa14.com\/#website\",\"url\":\"https:\/\/asociacionveteranosvillaviciosa14.com\/\",\"name\":\"ASVET RCLAC 14\",\"description\":\"Asociaci\u00f3n de Veteranos de RCLAC Villaviciosa 14\",\"publisher\":{\"@id\":\"https:\/\/asociacionveteranosvillaviciosa14.com\/#organization\"},\"potentialAction\":[{\"@type\":\"SearchAction\",\"target\":{\"@type\":\"EntryPoint\",\"urlTemplate\":\"https:\/\/asociacionveteranosvillaviciosa14.com\/?s={search_term_string}\"},\"query-input\":{\"@type\":\"PropertyValueSpecification\",\"valueRequired\":true,\"valueName\":\"search_term_string\"}}],\"inLanguage\":\"es\"},{\"@type\":\"Organization\",\"@id\":\"https:\/\/asociacionveteranosvillaviciosa14.com\/#organization\",\"name\":\"Asociaci\u00f3n de Veteranos del RCLAC Villaviciosa 14\",\"url\":\"https:\/\/asociacionveteranosvillaviciosa14.com\/\",\"logo\":{\"@type\":\"ImageObject\",\"inLanguage\":\"es\",\"@id\":\"https:\/\/asociacionveteranosvillaviciosa14.com\/#\/schema\/logo\/image\/\",\"url\":\"https:\/\/asociacionveteranosvillaviciosa14.com\/wp-content\/uploads\/2023\/02\/cropped-Logo-ASVET.webp\",\"contentUrl\":\"https:\/\/asociacionveteranosvillaviciosa14.com\/wp-content\/uploads\/2023\/02\/cropped-Logo-ASVET.webp\",\"width\":1080,\"height\":1080,\"caption\":\"Asociaci\u00f3n de Veteranos del RCLAC Villaviciosa 14\"},\"image\":{\"@id\":\"https:\/\/asociacionveteranosvillaviciosa14.com\/#\/schema\/logo\/image\/\"},\"sameAs\":[\"https:\/\/www.facebook.com\/VeteranosRclacVillaviciosa14\",\"https:\/\/x.com\/RCLAC14\"]}]}<\/script>\n<!-- \/ Yoast SEO plugin. -->","yoast_head_json":{"title":"\u00bfQuieres asociarte? - ASVET RCLAC 14","robots":{"index":"index","follow":"follow","max-snippet":"max-snippet:-1","max-image-preview":"max-image-preview:large","max-video-preview":"max-video-preview:-1"},"canonical":"https:\/\/asociacionveteranosvillaviciosa14.com\/index.php\/asociate\/","og_locale":"es_ES","og_type":"article","og_title":"\u00bfQuieres asociarte? - ASVET RCLAC 14","og_description":"Esta es la informaci\u00f3n de c\u00f3mo hacerte socio de la Asociaci\u00f3n de Veteranos RCLAC Villaviciosa 14 La cuota de socio es de 26,00 \u20ac al a\u00f1o. C.C.C. IBAN &nbsp;ES14 2085 9980 9103 3019 5337 Para rellenar el bolet\u00edn de inscripci\u00f3n necesitar\u00e1s Adobe Reader. Si no dispones de la \u00faltima versi\u00f3n de Adobe Reader, puedes descargarla&hellip;","og_url":"https:\/\/asociacionveteranosvillaviciosa14.com\/index.php\/asociate\/","og_site_name":"ASVET RCLAC 14","article_publisher":"https:\/\/www.facebook.com\/VeteranosRclacVillaviciosa14","article_modified_time":"2023-05-09T10:59:31+00:00","og_image":[{"width":2000,"height":550,"url":"https:\/\/asociacionveteranosvillaviciosa14.com\/wp-content\/uploads\/2013\/01\/cropped-cropped-cabecera71.jpg","type":"image\/jpeg"}],"twitter_card":"summary_large_image","twitter_site":"@RCLAC14","twitter_misc":{"Tiempo de lectura":"1 minuto"},"schema":{"@context":"https:\/\/schema.org","@graph":[{"@type":"WebPage","@id":"https:\/\/asociacionveteranosvillaviciosa14.com\/index.php\/asociate\/","url":"https:\/\/asociacionveteranosvillaviciosa14.com\/index.php\/asociate\/","name":"\u00bfQuieres asociarte? - ASVET RCLAC 14","isPartOf":{"@id":"https:\/\/asociacionveteranosvillaviciosa14.com\/#website"},"primaryImageOfPage":{"@id":"https:\/\/asociacionveteranosvillaviciosa14.com\/index.php\/asociate\/#primaryimage"},"image":{"@id":"https:\/\/asociacionveteranosvillaviciosa14.com\/index.php\/asociate\/#primaryimage"},"thumbnailUrl":"https:\/\/asociacionveteranosvillaviciosa14.com\/wp-content\/uploads\/2013\/01\/cropped-cropped-cabecera71.jpg","datePublished":"2013-02-16T18:47:27+00:00","dateModified":"2023-05-09T10:59:31+00:00","breadcrumb":{"@id":"https:\/\/asociacionveteranosvillaviciosa14.com\/index.php\/asociate\/#breadcrumb"},"inLanguage":"es","potentialAction":[{"@type":"ReadAction","target":["https:\/\/asociacionveteranosvillaviciosa14.com\/index.php\/asociate\/"]}]},{"@type":"ImageObject","inLanguage":"es","@id":"https:\/\/asociacionveteranosvillaviciosa14.com\/index.php\/asociate\/#primaryimage","url":"https:\/\/asociacionveteranosvillaviciosa14.com\/wp-content\/uploads\/2013\/01\/cropped-cropped-cabecera71.jpg","contentUrl":"https:\/\/asociacionveteranosvillaviciosa14.com\/wp-content\/uploads\/2013\/01\/cropped-cropped-cabecera71.jpg","width":2000,"height":550},{"@type":"BreadcrumbList","@id":"https:\/\/asociacionveteranosvillaviciosa14.com\/index.php\/asociate\/#breadcrumb","itemListElement":[{"@type":"ListItem","position":1,"name":"Portada","item":"https:\/\/asociacionveteranosvillaviciosa14.com\/"},{"@type":"ListItem","position":2,"name":"\u00bfQuieres asociarte?"}]},{"@type":"WebSite","@id":"https:\/\/asociacionveteranosvillaviciosa14.com\/#website","url":"https:\/\/asociacionveteranosvillaviciosa14.com\/","name":"ASVET RCLAC 14","description":"Asociaci\u00f3n de Veteranos de RCLAC Villaviciosa 14","publisher":{"@id":"https:\/\/asociacionveteranosvillaviciosa14.com\/#organization"},"potentialAction":[{"@type":"SearchAction","target":{"@type":"EntryPoint","urlTemplate":"https:\/\/asociacionveteranosvillaviciosa14.com\/?s={search_term_string}"},"query-input":{"@type":"PropertyValueSpecification","valueRequired":true,"valueName":"search_term_string"}}],"inLanguage":"es"},{"@type":"Organization","@id":"https:\/\/asociacionveteranosvillaviciosa14.com\/#organization","name":"Asociaci\u00f3n de Veteranos del RCLAC Villaviciosa 14","url":"https:\/\/asociacionveteranosvillaviciosa14.com\/","logo":{"@type":"ImageObject","inLanguage":"es","@id":"https:\/\/asociacionveteranosvillaviciosa14.com\/#\/schema\/logo\/image\/","url":"https:\/\/asociacionveteranosvillaviciosa14.com\/wp-content\/uploads\/2023\/02\/cropped-Logo-ASVET.webp","contentUrl":"https:\/\/asociacionveteranosvillaviciosa14.com\/wp-content\/uploads\/2023\/02\/cropped-Logo-ASVET.webp","width":1080,"height":1080,"caption":"Asociaci\u00f3n de Veteranos del RCLAC Villaviciosa 14"},"image":{"@id":"https:\/\/asociacionveteranosvillaviciosa14.com\/#\/schema\/logo\/image\/"},"sameAs":["https:\/\/www.facebook.com\/VeteranosRclacVillaviciosa14","https:\/\/x.com\/RCLAC14"]}]}},"_links":{"self":[{"href":"https:\/\/asociacionveteranosvillaviciosa14.com\/index.php\/wp-json\/wp\/v2\/pages\/1349","targetHints":{"allow":["GET"]}}],"collection":[{"href":"https:\/\/asociacionveteranosvillaviciosa14.com\/index.php\/wp-json\/wp\/v2\/pages"}],"about":[{"href":"https:\/\/asociacionveteranosvillaviciosa14.com\/index.php\/wp-json\/wp\/v2\/types\/page"}],"author":[{"embeddable":true,"href":"https:\/\/asociacionveteranosvillaviciosa14.com\/index.php\/wp-json\/wp\/v2\/users\/1"}],"replies":[{"embeddable":true,"href":"https:\/\/asociacionveteranosvillaviciosa14.com\/index.php\/wp-json\/wp\/v2\/comments?post=1349"}],"version-history":[{"count":14,"href":"https:\/\/asociacionveteranosvillaviciosa14.com\/index.php\/wp-json\/wp\/v2\/pages\/1349\/revisions"}],"predecessor-version":[{"id":16752,"href":"https:\/\/asociacionveteranosvillaviciosa14.com\/index.php\/wp-json\/wp\/v2\/pages\/1349\/revisions\/16752"}],"wp:featuredmedia":[{"embeddable":true,"href":"https:\/\/asociacionveteranosvillaviciosa14.com\/index.php\/wp-json\/wp\/v2\/media\/14972"}],"wp:attachment":[{"href":"https:\/\/asociacionveteranosvillaviciosa14.com\/index.php\/wp-json\/wp\/v2\/media?parent=1349"}],"curies":[{"name":"wp","href":"https:\/\/api.w.org\/{rel}","templated":true}]}}