{"id":1217,"date":"2013-02-02T11:20:57","date_gmt":"2013-02-02T11:20:57","guid":{"rendered":"http:\/\/veteranosrclac14.wordpress.com\/?page_id=1217"},"modified":"2023-02-09T15:13:53","modified_gmt":"2023-02-09T15:13:53","slug":"fotografias","status":"publish","type":"page","link":"https:\/\/asociacionveteranosvillaviciosa14.com\/index.php\/fotografias\/","title":{"rendered":"Fotograf\u00edas"},"content":{"rendered":"\t\t<div data-elementor-type=\"wp-page\" data-elementor-id=\"1217\" class=\"elementor elementor-1217\">\n\t\t\t\t\t\t<section class=\"elementor-section elementor-top-section elementor-element elementor-element-40e1f5fa elementor-section-boxed elementor-section-height-default elementor-section-height-default\" data-id=\"40e1f5fa\" data-element_type=\"section\" data-e-type=\"section\">\n\t\t\t\t\t\t<div class=\"elementor-container elementor-column-gap-default\">\n\t\t\t\t\t<div class=\"elementor-column elementor-col-100 elementor-top-column elementor-element elementor-element-696711bb\" data-id=\"696711bb\" data-element_type=\"column\" data-e-type=\"column\">\n\t\t\t<div class=\"elementor-widget-wrap elementor-element-populated\">\n\t\t\t\t\t\t<div class=\"elementor-element elementor-element-27b16755 elementor-widget elementor-widget-text-editor\" data-id=\"27b16755\" data-element_type=\"widget\" data-e-type=\"widget\" data-widget_type=\"text-editor.default\">\n\t\t\t\t<div class=\"elementor-widget-container\">\n\t\t\t\t\t\t\t\t\t<p style=\"text-align: center;\"><em><strong>A continuaci\u00f3n os mostramos algunas fotograf\u00edas para el recuerdo. Si quieres ver nuestro\u00a0\u00e1lbum\u00a0de fotos y recuerdos puedes hacer clic en la primera imagen.<\/strong><\/em><\/p><p style=\"text-align: justify;\"><a href=\"https:\/\/onedrive.live.com\/?id=84CC0FEF05FF0537%211775&amp;cid=84CC0FEF05FF0537\" target=\"_blank\" rel=\"noopener noreferrer\"><img fetchpriority=\"high\" decoding=\"async\" class=\"aligncenter wp-image-2444 size-full\" src=\"https:\/\/www.asociacionveteranosvillaviciosa14.com\/wp-content\/uploads\/2013\/02\/109.jpg\" alt=\"109\" width=\"960\" height=\"720\" \/><\/a><\/p><hr \/><p style=\"text-align: center;\"><em><strong>Esta es una muestra de algunas fotograf\u00edas.<\/strong><\/em><\/p><p style=\"text-align: center;\"><img decoding=\"async\" class=\"aligncenter size-full wp-image-53\" src=\"https:\/\/www.asociacionveteranosvillaviciosa14.com\/wp-content\/uploads\/2013\/02\/00052.jpg\" alt=\"\" width=\"604\" height=\"403\" \/><\/p><p style=\"text-align: center;\"><em><strong>Nochevieja de 1984 a 1985, celebrando el nuevo a\u00f1o lejos de casa, pero en un ambiente de gran camarader\u00eda. Gentes de Jerez, de Barcelona, de M\u00e1laga, Canarias, Ciudad Real, Albacete y otras partes de nuestra Espa\u00f1a.<\/strong><\/em><\/p><p style=\"text-align: center;\"><img decoding=\"async\" class=\"aligncenter size-full wp-image-58\" src=\"https:\/\/www.asociacionveteranosvillaviciosa14.com\/wp-content\/uploads\/2013\/02\/00014.jpg\" alt=\"\" width=\"604\" height=\"446\" \/><\/p><p style=\"text-align: center;\"><em><strong>Celebraci\u00f3n solemne del d\u00eda de nuestro patr\u00f3n, Santiago Apostol, en nuestro Acuartelamiento General Cavalacanti.<\/strong><\/em><\/p><p style=\"text-align: center;\"><img loading=\"lazy\" decoding=\"async\" class=\"aligncenter size-full wp-image-60\" src=\"https:\/\/www.asociacionveteranosvillaviciosa14.com\/wp-content\/uploads\/2013\/02\/00008.jpg\" alt=\"\" width=\"453\" height=\"604\" \/><\/p><p style=\"text-align: center;\"><em><strong>Los guiones de nuestros Escuadrones, custodiados en el Regimiento Farnesio 12, depositarios de nuestra herencia e historia.<\/strong><\/em><\/p><p style=\"text-align: center;\"><img loading=\"lazy\" decoding=\"async\" class=\"aligncenter size-full wp-image-61\" src=\"https:\/\/www.asociacionveteranosvillaviciosa14.com\/wp-content\/uploads\/2013\/02\/00005.jpg\" alt=\"\" width=\"604\" height=\"410\" \/><\/p><p style=\"text-align: center;\"><em><strong>El Monolito (Manolito) de entrada a nuestro cuartel, sede del RCLAC Villaviociosa 14 en Retamares (Madrid).\u00a0<\/strong><\/em><\/p><p style=\"text-align: center;\"><img loading=\"lazy\" decoding=\"async\" class=\"aligncenter size-full wp-image-62\" src=\"https:\/\/www.asociacionveteranosvillaviciosa14.com\/wp-content\/uploads\/2013\/02\/00023.jpg\" alt=\"\" width=\"604\" height=\"432\" \/><\/p><p style=\"text-align: center;\"><em><strong>Veteranos del RCLAC 14 a principios de los a\u00f1os 70 del siglo pasado.\u00a0<\/strong><\/em><\/p><h1 style=\"text-align: justify;\">\u00a0<\/h1>\t\t\t\t\t\t\t\t<\/div>\n\t\t\t\t<\/div>\n\t\t\t\t\t<\/div>\n\t\t<\/div>\n\t\t\t\t\t<\/div>\n\t\t<\/section>\n\t\t\t\t<\/div>\n\t\t","protected":false},"excerpt":{"rendered":"<p>A continuaci\u00f3n os mostramos algunas fotograf\u00edas para el recuerdo. Si quieres ver nuestro&nbsp;\u00e1lbum&nbsp;de fotos y recuerdos puedes hacer clic en la primera imagen. Esta es una muestra de algunas fotograf\u00edas. Nochevieja de 1984 a 1985, celebrando el nuevo a\u00f1o lejos de casa, pero en un ambiente de gran camarader\u00eda. Gentes de Jerez, de Barcelona, de&hellip;<\/p>\n","protected":false},"author":1,"featured_media":14972,"parent":0,"menu_order":0,"comment_status":"open","ping_status":"closed","template":"","meta":{"_eb_attr":"","footnotes":""},"class_list":["post-1217","page","type-page","status-publish","has-post-thumbnail","hentry"],"yoast_head":"<!-- This site is optimized with the Yoast SEO plugin v26.9 - https:\/\/yoast.com\/product\/yoast-seo-wordpress\/ -->\n<title>Fotograf\u00edas - ASVET RCLAC 14<\/title>\n<meta name=\"robots\" content=\"index, follow, max-snippet:-1, max-image-preview:large, max-video-preview:-1\" \/>\n<link rel=\"canonical\" href=\"https:\/\/asociacionveteranosvillaviciosa14.com\/index.php\/fotografias\/\" \/>\n<meta property=\"og:locale\" content=\"es_ES\" \/>\n<meta property=\"og:type\" content=\"article\" \/>\n<meta property=\"og:title\" content=\"Fotograf\u00edas - ASVET RCLAC 14\" \/>\n<meta property=\"og:description\" content=\"A continuaci\u00f3n os mostramos algunas fotograf\u00edas para el recuerdo. Si quieres ver nuestro&nbsp;\u00e1lbum&nbsp;de fotos y recuerdos puedes hacer clic en la primera imagen. Esta es una muestra de algunas fotograf\u00edas. Nochevieja de 1984 a 1985, celebrando el nuevo a\u00f1o lejos de casa, pero en un ambiente de gran camarader\u00eda. Gentes de Jerez, de Barcelona, de&hellip;\" \/>\n<meta property=\"og:url\" content=\"https:\/\/asociacionveteranosvillaviciosa14.com\/index.php\/fotografias\/\" \/>\n<meta property=\"og:site_name\" content=\"ASVET RCLAC 14\" \/>\n<meta property=\"article:publisher\" content=\"https:\/\/www.facebook.com\/VeteranosRclacVillaviciosa14\" \/>\n<meta property=\"article:modified_time\" content=\"2023-02-09T15:13:53+00:00\" \/>\n<meta property=\"og:image\" content=\"https:\/\/asociacionveteranosvillaviciosa14.com\/wp-content\/uploads\/2013\/01\/cropped-cropped-cabecera71.jpg\" \/>\n\t<meta property=\"og:image:width\" content=\"2000\" \/>\n\t<meta property=\"og:image:height\" content=\"550\" \/>\n\t<meta property=\"og:image:type\" content=\"image\/jpeg\" \/>\n<meta name=\"twitter:card\" content=\"summary_large_image\" \/>\n<meta name=\"twitter:site\" content=\"@RCLAC14\" \/>\n<meta name=\"twitter:label1\" content=\"Tiempo de lectura\" \/>\n\t<meta name=\"twitter:data1\" content=\"1 minuto\" \/>\n<script type=\"application\/ld+json\" class=\"yoast-schema-graph\">{\"@context\":\"https:\/\/schema.org\",\"@graph\":[{\"@type\":\"WebPage\",\"@id\":\"https:\/\/asociacionveteranosvillaviciosa14.com\/index.php\/fotografias\/\",\"url\":\"https:\/\/asociacionveteranosvillaviciosa14.com\/index.php\/fotografias\/\",\"name\":\"Fotograf\u00edas - ASVET RCLAC 14\",\"isPartOf\":{\"@id\":\"https:\/\/asociacionveteranosvillaviciosa14.com\/#website\"},\"primaryImageOfPage\":{\"@id\":\"https:\/\/asociacionveteranosvillaviciosa14.com\/index.php\/fotografias\/#primaryimage\"},\"image\":{\"@id\":\"https:\/\/asociacionveteranosvillaviciosa14.com\/index.php\/fotografias\/#primaryimage\"},\"thumbnailUrl\":\"https:\/\/asociacionveteranosvillaviciosa14.com\/wp-content\/uploads\/2013\/01\/cropped-cropped-cabecera71.jpg\",\"datePublished\":\"2013-02-02T11:20:57+00:00\",\"dateModified\":\"2023-02-09T15:13:53+00:00\",\"breadcrumb\":{\"@id\":\"https:\/\/asociacionveteranosvillaviciosa14.com\/index.php\/fotografias\/#breadcrumb\"},\"inLanguage\":\"es\",\"potentialAction\":[{\"@type\":\"ReadAction\",\"target\":[\"https:\/\/asociacionveteranosvillaviciosa14.com\/index.php\/fotografias\/\"]}]},{\"@type\":\"ImageObject\",\"inLanguage\":\"es\",\"@id\":\"https:\/\/asociacionveteranosvillaviciosa14.com\/index.php\/fotografias\/#primaryimage\",\"url\":\"https:\/\/asociacionveteranosvillaviciosa14.com\/wp-content\/uploads\/2013\/01\/cropped-cropped-cabecera71.jpg\",\"contentUrl\":\"https:\/\/asociacionveteranosvillaviciosa14.com\/wp-content\/uploads\/2013\/01\/cropped-cropped-cabecera71.jpg\",\"width\":2000,\"height\":550},{\"@type\":\"BreadcrumbList\",\"@id\":\"https:\/\/asociacionveteranosvillaviciosa14.com\/index.php\/fotografias\/#breadcrumb\",\"itemListElement\":[{\"@type\":\"ListItem\",\"position\":1,\"name\":\"Portada\",\"item\":\"https:\/\/asociacionveteranosvillaviciosa14.com\/\"},{\"@type\":\"ListItem\",\"position\":2,\"name\":\"Fotograf\u00edas\"}]},{\"@type\":\"WebSite\",\"@id\":\"https:\/\/asociacionveteranosvillaviciosa14.com\/#website\",\"url\":\"https:\/\/asociacionveteranosvillaviciosa14.com\/\",\"name\":\"ASVET RCLAC 14\",\"description\":\"Asociaci\u00f3n de Veteranos de RCLAC Villaviciosa 14\",\"publisher\":{\"@id\":\"https:\/\/asociacionveteranosvillaviciosa14.com\/#organization\"},\"potentialAction\":[{\"@type\":\"SearchAction\",\"target\":{\"@type\":\"EntryPoint\",\"urlTemplate\":\"https:\/\/asociacionveteranosvillaviciosa14.com\/?s={search_term_string}\"},\"query-input\":{\"@type\":\"PropertyValueSpecification\",\"valueRequired\":true,\"valueName\":\"search_term_string\"}}],\"inLanguage\":\"es\"},{\"@type\":\"Organization\",\"@id\":\"https:\/\/asociacionveteranosvillaviciosa14.com\/#organization\",\"name\":\"Asociaci\u00f3n de Veteranos del RCLAC Villaviciosa 14\",\"url\":\"https:\/\/asociacionveteranosvillaviciosa14.com\/\",\"logo\":{\"@type\":\"ImageObject\",\"inLanguage\":\"es\",\"@id\":\"https:\/\/asociacionveteranosvillaviciosa14.com\/#\/schema\/logo\/image\/\",\"url\":\"https:\/\/asociacionveteranosvillaviciosa14.com\/wp-content\/uploads\/2023\/02\/cropped-Logo-ASVET.webp\",\"contentUrl\":\"https:\/\/asociacionveteranosvillaviciosa14.com\/wp-content\/uploads\/2023\/02\/cropped-Logo-ASVET.webp\",\"width\":1080,\"height\":1080,\"caption\":\"Asociaci\u00f3n de Veteranos del RCLAC Villaviciosa 14\"},\"image\":{\"@id\":\"https:\/\/asociacionveteranosvillaviciosa14.com\/#\/schema\/logo\/image\/\"},\"sameAs\":[\"https:\/\/www.facebook.com\/VeteranosRclacVillaviciosa14\",\"https:\/\/x.com\/RCLAC14\"]}]}<\/script>\n<!-- \/ Yoast SEO plugin. -->","yoast_head_json":{"title":"Fotograf\u00edas - ASVET RCLAC 14","robots":{"index":"index","follow":"follow","max-snippet":"max-snippet:-1","max-image-preview":"max-image-preview:large","max-video-preview":"max-video-preview:-1"},"canonical":"https:\/\/asociacionveteranosvillaviciosa14.com\/index.php\/fotografias\/","og_locale":"es_ES","og_type":"article","og_title":"Fotograf\u00edas - ASVET RCLAC 14","og_description":"A continuaci\u00f3n os mostramos algunas fotograf\u00edas para el recuerdo. Si quieres ver nuestro&nbsp;\u00e1lbum&nbsp;de fotos y recuerdos puedes hacer clic en la primera imagen. Esta es una muestra de algunas fotograf\u00edas. Nochevieja de 1984 a 1985, celebrando el nuevo a\u00f1o lejos de casa, pero en un ambiente de gran camarader\u00eda. Gentes de Jerez, de Barcelona, de&hellip;","og_url":"https:\/\/asociacionveteranosvillaviciosa14.com\/index.php\/fotografias\/","og_site_name":"ASVET RCLAC 14","article_publisher":"https:\/\/www.facebook.com\/VeteranosRclacVillaviciosa14","article_modified_time":"2023-02-09T15:13:53+00:00","og_image":[{"width":2000,"height":550,"url":"https:\/\/asociacionveteranosvillaviciosa14.com\/wp-content\/uploads\/2013\/01\/cropped-cropped-cabecera71.jpg","type":"image\/jpeg"}],"twitter_card":"summary_large_image","twitter_site":"@RCLAC14","twitter_misc":{"Tiempo de lectura":"1 minuto"},"schema":{"@context":"https:\/\/schema.org","@graph":[{"@type":"WebPage","@id":"https:\/\/asociacionveteranosvillaviciosa14.com\/index.php\/fotografias\/","url":"https:\/\/asociacionveteranosvillaviciosa14.com\/index.php\/fotografias\/","name":"Fotograf\u00edas - ASVET RCLAC 14","isPartOf":{"@id":"https:\/\/asociacionveteranosvillaviciosa14.com\/#website"},"primaryImageOfPage":{"@id":"https:\/\/asociacionveteranosvillaviciosa14.com\/index.php\/fotografias\/#primaryimage"},"image":{"@id":"https:\/\/asociacionveteranosvillaviciosa14.com\/index.php\/fotografias\/#primaryimage"},"thumbnailUrl":"https:\/\/asociacionveteranosvillaviciosa14.com\/wp-content\/uploads\/2013\/01\/cropped-cropped-cabecera71.jpg","datePublished":"2013-02-02T11:20:57+00:00","dateModified":"2023-02-09T15:13:53+00:00","breadcrumb":{"@id":"https:\/\/asociacionveteranosvillaviciosa14.com\/index.php\/fotografias\/#breadcrumb"},"inLanguage":"es","potentialAction":[{"@type":"ReadAction","target":["https:\/\/asociacionveteranosvillaviciosa14.com\/index.php\/fotografias\/"]}]},{"@type":"ImageObject","inLanguage":"es","@id":"https:\/\/asociacionveteranosvillaviciosa14.com\/index.php\/fotografias\/#primaryimage","url":"https:\/\/asociacionveteranosvillaviciosa14.com\/wp-content\/uploads\/2013\/01\/cropped-cropped-cabecera71.jpg","contentUrl":"https:\/\/asociacionveteranosvillaviciosa14.com\/wp-content\/uploads\/2013\/01\/cropped-cropped-cabecera71.jpg","width":2000,"height":550},{"@type":"BreadcrumbList","@id":"https:\/\/asociacionveteranosvillaviciosa14.com\/index.php\/fotografias\/#breadcrumb","itemListElement":[{"@type":"ListItem","position":1,"name":"Portada","item":"https:\/\/asociacionveteranosvillaviciosa14.com\/"},{"@type":"ListItem","position":2,"name":"Fotograf\u00edas"}]},{"@type":"WebSite","@id":"https:\/\/asociacionveteranosvillaviciosa14.com\/#website","url":"https:\/\/asociacionveteranosvillaviciosa14.com\/","name":"ASVET RCLAC 14","description":"Asociaci\u00f3n de Veteranos de RCLAC Villaviciosa 14","publisher":{"@id":"https:\/\/asociacionveteranosvillaviciosa14.com\/#organization"},"potentialAction":[{"@type":"SearchAction","target":{"@type":"EntryPoint","urlTemplate":"https:\/\/asociacionveteranosvillaviciosa14.com\/?s={search_term_string}"},"query-input":{"@type":"PropertyValueSpecification","valueRequired":true,"valueName":"search_term_string"}}],"inLanguage":"es"},{"@type":"Organization","@id":"https:\/\/asociacionveteranosvillaviciosa14.com\/#organization","name":"Asociaci\u00f3n de Veteranos del RCLAC Villaviciosa 14","url":"https:\/\/asociacionveteranosvillaviciosa14.com\/","logo":{"@type":"ImageObject","inLanguage":"es","@id":"https:\/\/asociacionveteranosvillaviciosa14.com\/#\/schema\/logo\/image\/","url":"https:\/\/asociacionveteranosvillaviciosa14.com\/wp-content\/uploads\/2023\/02\/cropped-Logo-ASVET.webp","contentUrl":"https:\/\/asociacionveteranosvillaviciosa14.com\/wp-content\/uploads\/2023\/02\/cropped-Logo-ASVET.webp","width":1080,"height":1080,"caption":"Asociaci\u00f3n de Veteranos del RCLAC Villaviciosa 14"},"image":{"@id":"https:\/\/asociacionveteranosvillaviciosa14.com\/#\/schema\/logo\/image\/"},"sameAs":["https:\/\/www.facebook.com\/VeteranosRclacVillaviciosa14","https:\/\/x.com\/RCLAC14"]}]}},"_links":{"self":[{"href":"https:\/\/asociacionveteranosvillaviciosa14.com\/index.php\/wp-json\/wp\/v2\/pages\/1217","targetHints":{"allow":["GET"]}}],"collection":[{"href":"https:\/\/asociacionveteranosvillaviciosa14.com\/index.php\/wp-json\/wp\/v2\/pages"}],"about":[{"href":"https:\/\/asociacionveteranosvillaviciosa14.com\/index.php\/wp-json\/wp\/v2\/types\/page"}],"author":[{"embeddable":true,"href":"https:\/\/asociacionveteranosvillaviciosa14.com\/index.php\/wp-json\/wp\/v2\/users\/1"}],"replies":[{"embeddable":true,"href":"https:\/\/asociacionveteranosvillaviciosa14.com\/index.php\/wp-json\/wp\/v2\/comments?post=1217"}],"version-history":[{"count":2,"href":"https:\/\/asociacionveteranosvillaviciosa14.com\/index.php\/wp-json\/wp\/v2\/pages\/1217\/revisions"}],"predecessor-version":[{"id":15479,"href":"https:\/\/asociacionveteranosvillaviciosa14.com\/index.php\/wp-json\/wp\/v2\/pages\/1217\/revisions\/15479"}],"wp:featuredmedia":[{"embeddable":true,"href":"https:\/\/asociacionveteranosvillaviciosa14.com\/index.php\/wp-json\/wp\/v2\/media\/14972"}],"wp:attachment":[{"href":"https:\/\/asociacionveteranosvillaviciosa14.com\/index.php\/wp-json\/wp\/v2\/media?parent=1217"}],"curies":[{"name":"wp","href":"https:\/\/api.w.org\/{rel}","templated":true}]}}