{"id":1212,"date":"2013-02-02T11:19:16","date_gmt":"2013-02-02T11:19:16","guid":{"rendered":"http:\/\/veteranosrclac14.wordpress.com\/?page_id=1212"},"modified":"2023-05-09T10:56:10","modified_gmt":"2023-05-09T10:56:10","slug":"acerca-de","status":"publish","type":"page","link":"https:\/\/asociacionveteranosvillaviciosa14.com\/index.php\/acerca-de\/","title":{"rendered":"Acerca de la Asociaci\u00f3n"},"content":{"rendered":"\t\t<div data-elementor-type=\"wp-page\" data-elementor-id=\"1212\" class=\"elementor elementor-1212\">\n\t\t\t\t\t\t<section class=\"elementor-section elementor-top-section elementor-element elementor-element-4c800a36 elementor-section-boxed elementor-section-height-default elementor-section-height-default\" data-id=\"4c800a36\" data-element_type=\"section\" data-e-type=\"section\">\n\t\t\t\t\t\t<div class=\"elementor-container elementor-column-gap-default\">\n\t\t\t\t\t<div class=\"elementor-column elementor-col-100 elementor-top-column elementor-element elementor-element-32f42a82\" data-id=\"32f42a82\" data-element_type=\"column\" data-e-type=\"column\">\n\t\t\t<div class=\"elementor-widget-wrap elementor-element-populated\">\n\t\t\t\t\t\t<div class=\"elementor-element elementor-element-4af2ceb elementor-widget elementor-widget-text-editor\" data-id=\"4af2ceb\" data-element_type=\"widget\" data-e-type=\"widget\" data-widget_type=\"text-editor.default\">\n\t\t\t\t<div class=\"elementor-widget-container\">\n\t\t\t\t\t\t\t\t\t<p style=\"text-align: center;\">Esta web pertenece a la <strong>ASOCIACI\u00d3N DE VETERANOS DE CABALLER\u00cdA DEL RCLAC VILLAVICIOSA 14.<\/strong><\/p>\n<p style=\"text-align: center;\">La Asociaci\u00f3n se define estatutariamente como apol\u00edtica, independiente, respetuosa del orden constitucional, democr\u00e1tica y como entidad civil de car\u00e1cter cultural.<\/p>\n<p style=\"text-align: center;\">Si quieres formar parte de nuestra Asociaci\u00f3n&nbsp;pulsa en el siguiente bot\u00f3n e inf\u00f3rmate.<\/p>\n<p style=\"text-align: center;\">\n<\/p>\t\t\t\t\t\t\t\t<\/div>\n\t\t\t\t<\/div>\n\t\t\t\t<div class=\"elementor-element elementor-element-8d8ff64 elementor-button-info elementor-align-center elementor-widget elementor-widget-button\" data-id=\"8d8ff64\" data-element_type=\"widget\" data-e-type=\"widget\" data-widget_type=\"button.default\">\n\t\t\t\t<div class=\"elementor-widget-container\">\n\t\t\t\t\t\t\t\t\t<div class=\"elementor-button-wrapper\">\n\t\t\t\t\t<a class=\"elementor-button elementor-button-link elementor-size-lg\" href=\"https:\/\/asociacionveteranosvillaviciosa14.com\/index.php\/asociate\/\" target=\"_blank\">\n\t\t\t\t\t\t<span class=\"elementor-button-content-wrapper\">\n\t\t\t\t\t\t\t\t\t<span class=\"elementor-button-text\">HAZTE SOCIO<\/span>\n\t\t\t\t\t<\/span>\n\t\t\t\t\t<\/a>\n\t\t\t\t<\/div>\n\t\t\t\t\t\t\t\t<\/div>\n\t\t\t\t<\/div>\n\t\t\t\t<div class=\"elementor-element elementor-element-8d3e7de elementor-widget elementor-widget-text-editor\" data-id=\"8d3e7de\" data-element_type=\"widget\" data-e-type=\"widget\" data-widget_type=\"text-editor.default\">\n\t\t\t\t<div class=\"elementor-widget-container\">\n\t\t\t\t\t\t\t\t\t<p style=\"text-align: center;\"><span style=\"letter-spacing: 0px;\">Tambi\u00e9n puedes asociarte desde la p\u00e1gina \u201cNUEVAS ALTAS\u201d en el men\u00fa de contacto. Si te asocias podr\u00e1s tomar parte en la vida de la Asociaci\u00f3n, asistir a sus asambleas, hacer valer tu opini\u00f3n con voz y voto y proponerte para la Junta Directiva.<\/span><\/p><p style=\"text-align: center;\"><strong>NUESTROS ESTATUTOS<\/strong><\/p><p style=\"text-align: center;\">Puedes ver nuestros estatutos haciendo clic en la siguiente imagen:<\/p><p style=\"text-align: center;\"><a href=\"https:\/\/onedrive.live.com\/view.aspx?cid=84cc0fef05ff0537&amp;page=view&amp;resid=84CC0FEF05FF0537!3119&amp;parId=84CC0FEF05FF0537!3118&amp;app=WordPdf\" target=\"_blank\" rel=\"noopener noreferrer\"><img fetchpriority=\"high\" decoding=\"async\" src=\"https:\/\/www.asociacionveteranosvillaviciosa14.com\/wp-content\/uploads\/2013\/02\/escudo-oficial-de-la-asociacic3b3n-1.jpe\" alt=\"\" width=\"480\" height=\"509\" \/><\/a><\/p><p style=\"text-align: center;\">Esta web trata de dar espacio a los veteranos del RCLAC \u00abVillaviciosa 14\u00bb, as\u00ed que si has pertenecido a este Regimiento puedes ponerte en contacto con nosotros por medio de un comentario o por correo electr\u00f3nico.<\/p><p style=\"text-align: center;\"><img decoding=\"async\" title=\"Emblema Caballer\u00eda\" src=\"https:\/\/www.asociacionveteranosvillaviciosa14.com\/wp-content\/uploads\/2013\/02\/emblema-caballeria.gif\" alt=\"\" width=\"343\" height=\"360\" \/><\/p><p style=\"text-align: center;\">Para saber m\u00e1s sobre nosotros puedes visitar las siguientes direcciones:<\/p><p style=\"text-align: center;\">&#8230;&#8230;&#8230;&#8230;&#8230;&#8230;&#8230;&#8230;&#8230;&#8230;&#8230;&#8230;&#8230;&#8230;&#8230;&#8230;&#8230;&#8230;&#8230;&#8230;&#8230;&#8230;&#8230;&#8230;&#8230;&#8230;&#8230;&#8230;&#8230;&#8230;&#8230;&#8230;&#8230;&#8230;&#8230;&#8230;&#8230;&#8230;&#8230;&#8230;&#8230;&#8230;&#8230;&#8230;&#8230;&#8230;&#8230;&#8230;&#8230;&#8230;&#8230;&#8230;&#8230;&#8230;&#8230;&#8230;&#8230;&#8230;&#8230;&#8230;&#8230;&#8230;<\/p><p style=\"text-align: center;\"><strong>Blog de Veteranos Rclac Villaviciosa 14 \u00a0en WordPress.<\/strong><\/p><p style=\"text-align: center;\">Haz clic en la siguiente imagen para visitarlo.<\/p><p style=\"text-align: center;\"><a href=\"https:\/\/veteranosrclac14.wordpress.com\/\" target=\"_blank\" rel=\"noopener\"><img decoding=\"async\" src=\"https:\/\/asociacionveteranosvillaviciosa14.com\/wp-content\/uploads\/2023\/02\/Blog-1024x498.webp\" alt=\"\" width=\"1024\" height=\"498\" \/><\/a><\/p><p style=\"text-align: center;\">&#8230;&#8230;&#8230;&#8230;&#8230;&#8230;&#8230;&#8230;&#8230;&#8230;&#8230;&#8230;&#8230;&#8230;&#8230;&#8230;&#8230;&#8230;&#8230;&#8230;&#8230;&#8230;&#8230;&#8230;&#8230;&#8230;&#8230;&#8230;&#8230;&#8230;&#8230;&#8230;&#8230;&#8230;&#8230;&#8230;&#8230;&#8230;&#8230;&#8230;&#8230;&#8230;&#8230;&#8230;&#8230;&#8230;&#8230;&#8230;&#8230;&#8230;&#8230;&#8230;&#8230;&#8230;&#8230;&#8230;&#8230;&#8230;&#8230;&#8230;&#8230;&#8230;<\/p><p style=\"text-align: center;\"><strong>P\u00e1gina de Veteranos Rclac Villaviciosa 14 \u00a0en Facebook.<\/strong><\/p><p style=\"text-align: center;\">Haz clic en la siguiente imagen para visitarla.<\/p><p><img loading=\"lazy\" decoding=\"async\" src=\"https:\/\/asociacionveteranosvillaviciosa14.com\/wp-content\/uploads\/2023\/02\/cabecera-facebook-3.webp\" alt=\"\" width=\"849\" height=\"360\" \/><\/p><p style=\"text-align: center;\">&#8230;&#8230;&#8230;&#8230;&#8230;&#8230;&#8230;&#8230;&#8230;&#8230;&#8230;&#8230;&#8230;&#8230;&#8230;&#8230;&#8230;&#8230;&#8230;&#8230;&#8230;&#8230;&#8230;&#8230;&#8230;&#8230;&#8230;&#8230;&#8230;&#8230;&#8230;&#8230;&#8230;&#8230;&#8230;&#8230;&#8230;&#8230;&#8230;&#8230;&#8230;&#8230;&#8230;&#8230;&#8230;&#8230;&#8230;&#8230;&#8230;&#8230;&#8230;&#8230;&#8230;&#8230;&#8230;&#8230;&#8230;&#8230;&#8230;&#8230;&#8230;&#8230;<\/p><p style=\"text-align: center;\"><strong>Perfil de\u00a0Veteranos Rclac Villaviciosa en Twitter.<\/strong><\/p><p style=\"text-align: center;\">Haz clic en la siguiente imagen para visitarlo.<\/p><p style=\"text-align: center;\"><a href=\"https:\/\/twitter.com\/RCLAC14\" target=\"_blank\" rel=\"noopener noreferrer\"><img loading=\"lazy\" decoding=\"async\" src=\"https:\/\/www.asociacionveteranosvillaviciosa14.com\/wp-content\/uploads\/2013\/02\/perfil-twitter-1.jpg\" alt=\"\" width=\"604\" height=\"197\" \/><\/a><\/p><p style=\"text-align: center;\">&#8230;&#8230;&#8230;&#8230;&#8230;&#8230;&#8230;&#8230;&#8230;&#8230;&#8230;&#8230;&#8230;&#8230;&#8230;&#8230;&#8230;&#8230;&#8230;&#8230;&#8230;&#8230;&#8230;&#8230;&#8230;&#8230;&#8230;&#8230;&#8230;&#8230;&#8230;&#8230;&#8230;&#8230;&#8230;&#8230;&#8230;&#8230;&#8230;&#8230;&#8230;&#8230;&#8230;&#8230;&#8230;&#8230;&#8230;&#8230;&#8230;&#8230;&#8230;&#8230;&#8230;&#8230;&#8230;&#8230;&#8230;&#8230;&#8230;&#8230;&#8230;&#8230;<\/p><p style=\"text-align: center;\"><strong>Canal en Youtube de Veteranos RCLAC 14.<\/strong><\/p><p style=\"text-align: center;\">Haz clic en la siguiente imagen para visitarlo.<\/p><p style=\"text-align: center;\"><a href=\"https:\/\/www.youtube.com\/user\/veteranosrclac14\" target=\"_blank\" rel=\"attachment wp-att-892 noopener noreferrer\"><img loading=\"lazy\" decoding=\"async\" src=\"https:\/\/www.asociacionveteranosvillaviciosa14.com\/wp-content\/uploads\/2013\/02\/banner-canal-youtube-2.jpg\" alt=\"Banner Canal Youtube\" width=\"604\" height=\"258\" \/><\/a><\/p><p style=\"text-align: center;\"><strong>Nuevo canal en Youtube de Veteranos RCLAC 14.<\/strong><\/p><p style=\"text-align: center;\">Este es nuestro otro canal en Youtube, con los v\u00eddeos m\u00e1s recientes. Puedes visitarlo haciendo\u00a0 clic en la imagen:<\/p><p style=\"text-align: center;\"><a href=\"https:\/\/www.youtube.com\/channel\/UCrBH_S25RIAXKlc2L9S_NmQ\" target=\"_blank\" rel=\"noopener noreferrer\"><img loading=\"lazy\" decoding=\"async\" src=\"https:\/\/www.asociacionveteranosvillaviciosa14.com\/wp-content\/uploads\/2013\/02\/canal-2-youtube-2.jpg\" alt=\"Canal 2 Youtube\" width=\"604\" height=\"471\" \/><\/a><\/p><p style=\"text-align: center;\">&#8230;&#8230;&#8230;&#8230;&#8230;&#8230;&#8230;&#8230;&#8230;&#8230;&#8230;&#8230;&#8230;&#8230;&#8230;&#8230;&#8230;&#8230;&#8230;&#8230;&#8230;&#8230;&#8230;&#8230;&#8230;&#8230;&#8230;&#8230;&#8230;&#8230;&#8230;&#8230;&#8230;&#8230;&#8230;&#8230;&#8230;&#8230;&#8230;&#8230;&#8230;&#8230;&#8230;&#8230;&#8230;&#8230;&#8230;&#8230;&#8230;&#8230;&#8230;&#8230;&#8230;&#8230;&#8230;&#8230;&#8230;&#8230;&#8230;&#8230;&#8230;&#8230;<\/p><p style=\"text-align: center;\"><strong>Grupo del RCLAC Villaviciosa 14 en Facebook.<\/strong><\/p><p style=\"text-align: center;\"><a href=\"https:\/\/www.facebook.com\/groups\/RCLAC14\/\" target=\"_blank\" rel=\"noopener noreferrer\">https:\/\/www.facebook.com\/groups\/RCLAC14\/<\/a><\/p><p style=\"text-align: center;\">Este es un grupo creado por Sergio Sanchez que sin ser un grupo que pertenezca a la asociaci\u00f3n, si que es un grupo muy importante para todos los veteranos del Villaviciosa y con el cual mantenemos una estrecha colaboraci\u00f3n mutua. Este grupo es independiente y fu\u00e9 una de las semillas de todo el movimiento de Veteranos del Villaviciosa 14. Por eso aunque no forme parte directamente de esta organizaci\u00f3n si que es un elemento muy importante para la misma y por ello figura entre las direcciones de veteranos del RCLAC Villaviciosa 14.<\/p>\t\t\t\t\t\t\t\t<\/div>\n\t\t\t\t<\/div>\n\t\t\t\t\t<\/div>\n\t\t<\/div>\n\t\t\t\t\t<\/div>\n\t\t<\/section>\n\t\t\t\t<\/div>\n\t\t","protected":false},"excerpt":{"rendered":"<p>Esta web pertenece a la ASOCIACI\u00d3N DE VETERANOS DE CABALLER\u00cdA DEL RCLAC VILLAVICIOSA 14. La Asociaci\u00f3n se define estatutariamente como apol\u00edtica, independiente, respetuosa del orden constitucional, democr\u00e1tica y como entidad civil de car\u00e1cter cultural. Si quieres formar parte de nuestra Asociaci\u00f3n&nbsp;pulsa en el siguiente bot\u00f3n e inf\u00f3rmate. HAZTE SOCIO Tambi\u00e9n puedes asociarte desde la p\u00e1gina&hellip;<\/p>\n","protected":false},"author":1,"featured_media":14972,"parent":0,"menu_order":0,"comment_status":"open","ping_status":"closed","template":"","meta":{"_eb_attr":"","footnotes":""},"class_list":["post-1212","page","type-page","status-publish","has-post-thumbnail","hentry"],"yoast_head":"<!-- This site is optimized with the Yoast SEO plugin v26.9 - https:\/\/yoast.com\/product\/yoast-seo-wordpress\/ -->\n<title>Acerca de la Asociaci\u00f3n - ASVET RCLAC 14<\/title>\n<meta name=\"robots\" content=\"index, follow, max-snippet:-1, max-image-preview:large, max-video-preview:-1\" \/>\n<link rel=\"canonical\" href=\"https:\/\/asociacionveteranosvillaviciosa14.com\/index.php\/acerca-de\/\" \/>\n<meta property=\"og:locale\" content=\"es_ES\" \/>\n<meta property=\"og:type\" content=\"article\" \/>\n<meta property=\"og:title\" content=\"Acerca de la Asociaci\u00f3n - ASVET RCLAC 14\" \/>\n<meta property=\"og:description\" content=\"Esta web pertenece a la ASOCIACI\u00d3N DE VETERANOS DE CABALLER\u00cdA DEL RCLAC VILLAVICIOSA 14. La Asociaci\u00f3n se define estatutariamente como apol\u00edtica, independiente, respetuosa del orden constitucional, democr\u00e1tica y como entidad civil de car\u00e1cter cultural. Si quieres formar parte de nuestra Asociaci\u00f3n&nbsp;pulsa en el siguiente bot\u00f3n e inf\u00f3rmate. HAZTE SOCIO Tambi\u00e9n puedes asociarte desde la p\u00e1gina&hellip;\" \/>\n<meta property=\"og:url\" content=\"https:\/\/asociacionveteranosvillaviciosa14.com\/index.php\/acerca-de\/\" \/>\n<meta property=\"og:site_name\" content=\"ASVET RCLAC 14\" \/>\n<meta property=\"article:publisher\" content=\"https:\/\/www.facebook.com\/VeteranosRclacVillaviciosa14\" \/>\n<meta property=\"article:modified_time\" content=\"2023-05-09T10:56:10+00:00\" \/>\n<meta property=\"og:image\" content=\"https:\/\/asociacionveteranosvillaviciosa14.com\/wp-content\/uploads\/2013\/01\/cropped-cropped-cabecera71.jpg\" \/>\n\t<meta property=\"og:image:width\" content=\"2000\" \/>\n\t<meta property=\"og:image:height\" content=\"550\" \/>\n\t<meta property=\"og:image:type\" content=\"image\/jpeg\" \/>\n<meta name=\"twitter:card\" content=\"summary_large_image\" \/>\n<meta name=\"twitter:site\" content=\"@RCLAC14\" \/>\n<meta name=\"twitter:label1\" content=\"Tiempo de lectura\" \/>\n\t<meta name=\"twitter:data1\" content=\"3 minutos\" \/>\n<script type=\"application\/ld+json\" class=\"yoast-schema-graph\">{\"@context\":\"https:\/\/schema.org\",\"@graph\":[{\"@type\":\"WebPage\",\"@id\":\"https:\/\/asociacionveteranosvillaviciosa14.com\/index.php\/acerca-de\/\",\"url\":\"https:\/\/asociacionveteranosvillaviciosa14.com\/index.php\/acerca-de\/\",\"name\":\"Acerca de la Asociaci\u00f3n - ASVET RCLAC 14\",\"isPartOf\":{\"@id\":\"https:\/\/asociacionveteranosvillaviciosa14.com\/#website\"},\"primaryImageOfPage\":{\"@id\":\"https:\/\/asociacionveteranosvillaviciosa14.com\/index.php\/acerca-de\/#primaryimage\"},\"image\":{\"@id\":\"https:\/\/asociacionveteranosvillaviciosa14.com\/index.php\/acerca-de\/#primaryimage\"},\"thumbnailUrl\":\"https:\/\/asociacionveteranosvillaviciosa14.com\/wp-content\/uploads\/2013\/01\/cropped-cropped-cabecera71.jpg\",\"datePublished\":\"2013-02-02T11:19:16+00:00\",\"dateModified\":\"2023-05-09T10:56:10+00:00\",\"breadcrumb\":{\"@id\":\"https:\/\/asociacionveteranosvillaviciosa14.com\/index.php\/acerca-de\/#breadcrumb\"},\"inLanguage\":\"es\",\"potentialAction\":[{\"@type\":\"ReadAction\",\"target\":[\"https:\/\/asociacionveteranosvillaviciosa14.com\/index.php\/acerca-de\/\"]}]},{\"@type\":\"ImageObject\",\"inLanguage\":\"es\",\"@id\":\"https:\/\/asociacionveteranosvillaviciosa14.com\/index.php\/acerca-de\/#primaryimage\",\"url\":\"https:\/\/asociacionveteranosvillaviciosa14.com\/wp-content\/uploads\/2013\/01\/cropped-cropped-cabecera71.jpg\",\"contentUrl\":\"https:\/\/asociacionveteranosvillaviciosa14.com\/wp-content\/uploads\/2013\/01\/cropped-cropped-cabecera71.jpg\",\"width\":2000,\"height\":550},{\"@type\":\"BreadcrumbList\",\"@id\":\"https:\/\/asociacionveteranosvillaviciosa14.com\/index.php\/acerca-de\/#breadcrumb\",\"itemListElement\":[{\"@type\":\"ListItem\",\"position\":1,\"name\":\"Portada\",\"item\":\"https:\/\/asociacionveteranosvillaviciosa14.com\/\"},{\"@type\":\"ListItem\",\"position\":2,\"name\":\"Acerca de la Asociaci\u00f3n\"}]},{\"@type\":\"WebSite\",\"@id\":\"https:\/\/asociacionveteranosvillaviciosa14.com\/#website\",\"url\":\"https:\/\/asociacionveteranosvillaviciosa14.com\/\",\"name\":\"ASVET RCLAC 14\",\"description\":\"Asociaci\u00f3n de Veteranos de RCLAC Villaviciosa 14\",\"publisher\":{\"@id\":\"https:\/\/asociacionveteranosvillaviciosa14.com\/#organization\"},\"potentialAction\":[{\"@type\":\"SearchAction\",\"target\":{\"@type\":\"EntryPoint\",\"urlTemplate\":\"https:\/\/asociacionveteranosvillaviciosa14.com\/?s={search_term_string}\"},\"query-input\":{\"@type\":\"PropertyValueSpecification\",\"valueRequired\":true,\"valueName\":\"search_term_string\"}}],\"inLanguage\":\"es\"},{\"@type\":\"Organization\",\"@id\":\"https:\/\/asociacionveteranosvillaviciosa14.com\/#organization\",\"name\":\"Asociaci\u00f3n de Veteranos del RCLAC Villaviciosa 14\",\"url\":\"https:\/\/asociacionveteranosvillaviciosa14.com\/\",\"logo\":{\"@type\":\"ImageObject\",\"inLanguage\":\"es\",\"@id\":\"https:\/\/asociacionveteranosvillaviciosa14.com\/#\/schema\/logo\/image\/\",\"url\":\"https:\/\/asociacionveteranosvillaviciosa14.com\/wp-content\/uploads\/2023\/02\/cropped-Logo-ASVET.webp\",\"contentUrl\":\"https:\/\/asociacionveteranosvillaviciosa14.com\/wp-content\/uploads\/2023\/02\/cropped-Logo-ASVET.webp\",\"width\":1080,\"height\":1080,\"caption\":\"Asociaci\u00f3n de Veteranos del RCLAC Villaviciosa 14\"},\"image\":{\"@id\":\"https:\/\/asociacionveteranosvillaviciosa14.com\/#\/schema\/logo\/image\/\"},\"sameAs\":[\"https:\/\/www.facebook.com\/VeteranosRclacVillaviciosa14\",\"https:\/\/x.com\/RCLAC14\"]}]}<\/script>\n<!-- \/ Yoast SEO plugin. -->","yoast_head_json":{"title":"Acerca de la Asociaci\u00f3n - ASVET RCLAC 14","robots":{"index":"index","follow":"follow","max-snippet":"max-snippet:-1","max-image-preview":"max-image-preview:large","max-video-preview":"max-video-preview:-1"},"canonical":"https:\/\/asociacionveteranosvillaviciosa14.com\/index.php\/acerca-de\/","og_locale":"es_ES","og_type":"article","og_title":"Acerca de la Asociaci\u00f3n - ASVET RCLAC 14","og_description":"Esta web pertenece a la ASOCIACI\u00d3N DE VETERANOS DE CABALLER\u00cdA DEL RCLAC VILLAVICIOSA 14. La Asociaci\u00f3n se define estatutariamente como apol\u00edtica, independiente, respetuosa del orden constitucional, democr\u00e1tica y como entidad civil de car\u00e1cter cultural. Si quieres formar parte de nuestra Asociaci\u00f3n&nbsp;pulsa en el siguiente bot\u00f3n e inf\u00f3rmate. HAZTE SOCIO Tambi\u00e9n puedes asociarte desde la p\u00e1gina&hellip;","og_url":"https:\/\/asociacionveteranosvillaviciosa14.com\/index.php\/acerca-de\/","og_site_name":"ASVET RCLAC 14","article_publisher":"https:\/\/www.facebook.com\/VeteranosRclacVillaviciosa14","article_modified_time":"2023-05-09T10:56:10+00:00","og_image":[{"width":2000,"height":550,"url":"https:\/\/asociacionveteranosvillaviciosa14.com\/wp-content\/uploads\/2013\/01\/cropped-cropped-cabecera71.jpg","type":"image\/jpeg"}],"twitter_card":"summary_large_image","twitter_site":"@RCLAC14","twitter_misc":{"Tiempo de lectura":"3 minutos"},"schema":{"@context":"https:\/\/schema.org","@graph":[{"@type":"WebPage","@id":"https:\/\/asociacionveteranosvillaviciosa14.com\/index.php\/acerca-de\/","url":"https:\/\/asociacionveteranosvillaviciosa14.com\/index.php\/acerca-de\/","name":"Acerca de la Asociaci\u00f3n - ASVET RCLAC 14","isPartOf":{"@id":"https:\/\/asociacionveteranosvillaviciosa14.com\/#website"},"primaryImageOfPage":{"@id":"https:\/\/asociacionveteranosvillaviciosa14.com\/index.php\/acerca-de\/#primaryimage"},"image":{"@id":"https:\/\/asociacionveteranosvillaviciosa14.com\/index.php\/acerca-de\/#primaryimage"},"thumbnailUrl":"https:\/\/asociacionveteranosvillaviciosa14.com\/wp-content\/uploads\/2013\/01\/cropped-cropped-cabecera71.jpg","datePublished":"2013-02-02T11:19:16+00:00","dateModified":"2023-05-09T10:56:10+00:00","breadcrumb":{"@id":"https:\/\/asociacionveteranosvillaviciosa14.com\/index.php\/acerca-de\/#breadcrumb"},"inLanguage":"es","potentialAction":[{"@type":"ReadAction","target":["https:\/\/asociacionveteranosvillaviciosa14.com\/index.php\/acerca-de\/"]}]},{"@type":"ImageObject","inLanguage":"es","@id":"https:\/\/asociacionveteranosvillaviciosa14.com\/index.php\/acerca-de\/#primaryimage","url":"https:\/\/asociacionveteranosvillaviciosa14.com\/wp-content\/uploads\/2013\/01\/cropped-cropped-cabecera71.jpg","contentUrl":"https:\/\/asociacionveteranosvillaviciosa14.com\/wp-content\/uploads\/2013\/01\/cropped-cropped-cabecera71.jpg","width":2000,"height":550},{"@type":"BreadcrumbList","@id":"https:\/\/asociacionveteranosvillaviciosa14.com\/index.php\/acerca-de\/#breadcrumb","itemListElement":[{"@type":"ListItem","position":1,"name":"Portada","item":"https:\/\/asociacionveteranosvillaviciosa14.com\/"},{"@type":"ListItem","position":2,"name":"Acerca de la Asociaci\u00f3n"}]},{"@type":"WebSite","@id":"https:\/\/asociacionveteranosvillaviciosa14.com\/#website","url":"https:\/\/asociacionveteranosvillaviciosa14.com\/","name":"ASVET RCLAC 14","description":"Asociaci\u00f3n de Veteranos de RCLAC Villaviciosa 14","publisher":{"@id":"https:\/\/asociacionveteranosvillaviciosa14.com\/#organization"},"potentialAction":[{"@type":"SearchAction","target":{"@type":"EntryPoint","urlTemplate":"https:\/\/asociacionveteranosvillaviciosa14.com\/?s={search_term_string}"},"query-input":{"@type":"PropertyValueSpecification","valueRequired":true,"valueName":"search_term_string"}}],"inLanguage":"es"},{"@type":"Organization","@id":"https:\/\/asociacionveteranosvillaviciosa14.com\/#organization","name":"Asociaci\u00f3n de Veteranos del RCLAC Villaviciosa 14","url":"https:\/\/asociacionveteranosvillaviciosa14.com\/","logo":{"@type":"ImageObject","inLanguage":"es","@id":"https:\/\/asociacionveteranosvillaviciosa14.com\/#\/schema\/logo\/image\/","url":"https:\/\/asociacionveteranosvillaviciosa14.com\/wp-content\/uploads\/2023\/02\/cropped-Logo-ASVET.webp","contentUrl":"https:\/\/asociacionveteranosvillaviciosa14.com\/wp-content\/uploads\/2023\/02\/cropped-Logo-ASVET.webp","width":1080,"height":1080,"caption":"Asociaci\u00f3n de Veteranos del RCLAC Villaviciosa 14"},"image":{"@id":"https:\/\/asociacionveteranosvillaviciosa14.com\/#\/schema\/logo\/image\/"},"sameAs":["https:\/\/www.facebook.com\/VeteranosRclacVillaviciosa14","https:\/\/x.com\/RCLAC14"]}]}},"_links":{"self":[{"href":"https:\/\/asociacionveteranosvillaviciosa14.com\/index.php\/wp-json\/wp\/v2\/pages\/1212","targetHints":{"allow":["GET"]}}],"collection":[{"href":"https:\/\/asociacionveteranosvillaviciosa14.com\/index.php\/wp-json\/wp\/v2\/pages"}],"about":[{"href":"https:\/\/asociacionveteranosvillaviciosa14.com\/index.php\/wp-json\/wp\/v2\/types\/page"}],"author":[{"embeddable":true,"href":"https:\/\/asociacionveteranosvillaviciosa14.com\/index.php\/wp-json\/wp\/v2\/users\/1"}],"replies":[{"embeddable":true,"href":"https:\/\/asociacionveteranosvillaviciosa14.com\/index.php\/wp-json\/wp\/v2\/comments?post=1212"}],"version-history":[{"count":26,"href":"https:\/\/asociacionveteranosvillaviciosa14.com\/index.php\/wp-json\/wp\/v2\/pages\/1212\/revisions"}],"predecessor-version":[{"id":17353,"href":"https:\/\/asociacionveteranosvillaviciosa14.com\/index.php\/wp-json\/wp\/v2\/pages\/1212\/revisions\/17353"}],"wp:featuredmedia":[{"embeddable":true,"href":"https:\/\/asociacionveteranosvillaviciosa14.com\/index.php\/wp-json\/wp\/v2\/media\/14972"}],"wp:attachment":[{"href":"https:\/\/asociacionveteranosvillaviciosa14.com\/index.php\/wp-json\/wp\/v2\/media?parent=1212"}],"curies":[{"name":"wp","href":"https:\/\/api.w.org\/{rel}","templated":true}]}}