{"id":1206,"date":"2013-02-02T11:15:11","date_gmt":"2013-02-02T11:15:11","guid":{"rendered":"http:\/\/veteranosrclac14.wordpress.com\/?page_id=1206"},"modified":"2023-02-10T00:45:37","modified_gmt":"2023-02-10T00:45:37","slug":"musicas-militares","status":"publish","type":"page","link":"https:\/\/asociacionveteranosvillaviciosa14.com\/index.php\/musicas-militares\/","title":{"rendered":"M\u00fasicas militares"},"content":{"rendered":"\t\t<div data-elementor-type=\"wp-page\" data-elementor-id=\"1206\" class=\"elementor elementor-1206\">\n\t\t\t\t\t\t<section class=\"elementor-section elementor-top-section elementor-element elementor-element-2dfaf49b elementor-section-boxed elementor-section-height-default elementor-section-height-default\" data-id=\"2dfaf49b\" data-element_type=\"section\" data-e-type=\"section\">\n\t\t\t\t\t\t<div class=\"elementor-container elementor-column-gap-default\">\n\t\t\t\t\t<div class=\"elementor-column elementor-col-100 elementor-top-column elementor-element elementor-element-629c3bd8\" data-id=\"629c3bd8\" data-element_type=\"column\" data-e-type=\"column\">\n\t\t\t<div class=\"elementor-widget-wrap elementor-element-populated\">\n\t\t\t\t\t\t<div class=\"elementor-element elementor-element-530e02c3 elementor-widget elementor-widget-text-editor\" data-id=\"530e02c3\" data-element_type=\"widget\" data-e-type=\"widget\" data-widget_type=\"text-editor.default\">\n\t\t\t\t<div class=\"elementor-widget-container\">\n\t\t\t\t\t\t\t\t\t<p style=\"text-align: justify;\"><em><strong>En esta p\u00e1gina podr\u00e9is encontrar una selecci\u00f3n de v\u00eddeos de himnos, m\u00fasicas y toques militares sobre nuestro Regimiento, la Divisi\u00f3n Acorazada, el arma de Caballer\u00eda y otras m\u00fasicas y marchas militares.<\/strong><\/em><\/p>\t\t\t\t\t\t\t\t<\/div>\n\t\t\t\t<\/div>\n\t\t\t\t<section class=\"elementor-section elementor-inner-section elementor-element elementor-element-88810e8 elementor-section-boxed elementor-section-height-default elementor-section-height-default\" data-id=\"88810e8\" data-element_type=\"section\" data-e-type=\"section\">\n\t\t\t\t\t\t<div class=\"elementor-container elementor-column-gap-default\">\n\t\t\t\t\t<div class=\"elementor-column elementor-col-50 elementor-inner-column elementor-element elementor-element-74be8de\" data-id=\"74be8de\" data-element_type=\"column\" data-e-type=\"column\">\n\t\t\t<div class=\"elementor-widget-wrap elementor-element-populated\">\n\t\t\t\t\t\t<div class=\"elementor-element elementor-element-198fca2 elementor-widget elementor-widget-video\" data-id=\"198fca2\" data-element_type=\"widget\" data-e-type=\"widget\" data-settings=\"{&quot;youtube_url&quot;:&quot;https:\\\/\\\/www.youtube.com\\\/watch?v=yrlaitY-xN0&quot;,&quot;video_type&quot;:&quot;youtube&quot;,&quot;controls&quot;:&quot;yes&quot;}\" data-widget_type=\"video.default\">\n\t\t\t\t<div class=\"elementor-widget-container\">\n\t\t\t\t\t\t\t<div class=\"elementor-wrapper elementor-open-inline\">\n\t\t\t<div class=\"elementor-video\"><\/div>\t\t<\/div>\n\t\t\t\t\t\t<\/div>\n\t\t\t\t<\/div>\n\t\t\t\t\t<\/div>\n\t\t<\/div>\n\t\t\t\t<div class=\"elementor-column elementor-col-50 elementor-inner-column elementor-element elementor-element-1beb453\" data-id=\"1beb453\" data-element_type=\"column\" data-e-type=\"column\">\n\t\t\t<div class=\"elementor-widget-wrap elementor-element-populated\">\n\t\t\t\t\t\t<div class=\"elementor-element elementor-element-e377956 elementor-widget elementor-widget-video\" data-id=\"e377956\" data-element_type=\"widget\" data-e-type=\"widget\" data-settings=\"{&quot;youtube_url&quot;:&quot;https:\\\/\\\/www.youtube.com\\\/watch?v=W61j6boEazw&quot;,&quot;video_type&quot;:&quot;youtube&quot;,&quot;controls&quot;:&quot;yes&quot;}\" data-widget_type=\"video.default\">\n\t\t\t\t<div class=\"elementor-widget-container\">\n\t\t\t\t\t\t\t<div class=\"elementor-wrapper elementor-open-inline\">\n\t\t\t<div class=\"elementor-video\"><\/div>\t\t<\/div>\n\t\t\t\t\t\t<\/div>\n\t\t\t\t<\/div>\n\t\t\t\t\t<\/div>\n\t\t<\/div>\n\t\t\t\t\t<\/div>\n\t\t<\/section>\n\t\t\t\t<section class=\"elementor-section elementor-inner-section elementor-element elementor-element-c29ad20 elementor-section-boxed elementor-section-height-default elementor-section-height-default\" data-id=\"c29ad20\" data-element_type=\"section\" data-e-type=\"section\">\n\t\t\t\t\t\t<div class=\"elementor-container elementor-column-gap-default\">\n\t\t\t\t\t<div class=\"elementor-column elementor-col-50 elementor-inner-column elementor-element elementor-element-84797cc\" data-id=\"84797cc\" data-element_type=\"column\" data-e-type=\"column\">\n\t\t\t<div class=\"elementor-widget-wrap elementor-element-populated\">\n\t\t\t\t\t\t<div class=\"elementor-element elementor-element-2affbcd elementor-widget elementor-widget-video\" data-id=\"2affbcd\" data-element_type=\"widget\" data-e-type=\"widget\" data-settings=\"{&quot;youtube_url&quot;:&quot;https:\\\/\\\/www.youtube.com\\\/watch?v=dkE9GsMONBs&quot;,&quot;video_type&quot;:&quot;youtube&quot;,&quot;controls&quot;:&quot;yes&quot;}\" data-widget_type=\"video.default\">\n\t\t\t\t<div class=\"elementor-widget-container\">\n\t\t\t\t\t\t\t<div class=\"elementor-wrapper elementor-open-inline\">\n\t\t\t<div class=\"elementor-video\"><\/div>\t\t<\/div>\n\t\t\t\t\t\t<\/div>\n\t\t\t\t<\/div>\n\t\t\t\t\t<\/div>\n\t\t<\/div>\n\t\t\t\t<div class=\"elementor-column elementor-col-50 elementor-inner-column elementor-element elementor-element-1126697\" data-id=\"1126697\" data-element_type=\"column\" data-e-type=\"column\">\n\t\t\t<div class=\"elementor-widget-wrap elementor-element-populated\">\n\t\t\t\t\t\t<div class=\"elementor-element elementor-element-4f63932 elementor-widget elementor-widget-video\" data-id=\"4f63932\" data-element_type=\"widget\" data-e-type=\"widget\" data-settings=\"{&quot;youtube_url&quot;:&quot;https:\\\/\\\/www.youtube.com\\\/watch?v=OX01w4je45c&quot;,&quot;video_type&quot;:&quot;youtube&quot;,&quot;controls&quot;:&quot;yes&quot;}\" data-widget_type=\"video.default\">\n\t\t\t\t<div class=\"elementor-widget-container\">\n\t\t\t\t\t\t\t<div class=\"elementor-wrapper elementor-open-inline\">\n\t\t\t<div class=\"elementor-video\"><\/div>\t\t<\/div>\n\t\t\t\t\t\t<\/div>\n\t\t\t\t<\/div>\n\t\t\t\t\t<\/div>\n\t\t<\/div>\n\t\t\t\t\t<\/div>\n\t\t<\/section>\n\t\t\t\t<section class=\"elementor-section elementor-inner-section elementor-element elementor-element-6754666 elementor-section-boxed elementor-section-height-default elementor-section-height-default\" data-id=\"6754666\" data-element_type=\"section\" data-e-type=\"section\">\n\t\t\t\t\t\t<div class=\"elementor-container elementor-column-gap-default\">\n\t\t\t\t\t<div class=\"elementor-column elementor-col-50 elementor-inner-column elementor-element elementor-element-d861ee5\" data-id=\"d861ee5\" data-element_type=\"column\" data-e-type=\"column\">\n\t\t\t<div class=\"elementor-widget-wrap elementor-element-populated\">\n\t\t\t\t\t\t<div class=\"elementor-element elementor-element-c77459f elementor-widget elementor-widget-video\" data-id=\"c77459f\" data-element_type=\"widget\" data-e-type=\"widget\" data-settings=\"{&quot;youtube_url&quot;:&quot;https:\\\/\\\/www.youtube.com\\\/watch?v=H28h3HaiMXA&quot;,&quot;video_type&quot;:&quot;youtube&quot;,&quot;controls&quot;:&quot;yes&quot;}\" data-widget_type=\"video.default\">\n\t\t\t\t<div class=\"elementor-widget-container\">\n\t\t\t\t\t\t\t<div class=\"elementor-wrapper elementor-open-inline\">\n\t\t\t<div class=\"elementor-video\"><\/div>\t\t<\/div>\n\t\t\t\t\t\t<\/div>\n\t\t\t\t<\/div>\n\t\t\t\t\t<\/div>\n\t\t<\/div>\n\t\t\t\t<div class=\"elementor-column elementor-col-50 elementor-inner-column elementor-element elementor-element-32e1dbc\" data-id=\"32e1dbc\" data-element_type=\"column\" data-e-type=\"column\">\n\t\t\t<div class=\"elementor-widget-wrap elementor-element-populated\">\n\t\t\t\t\t\t<div class=\"elementor-element elementor-element-0825296 elementor-widget elementor-widget-video\" data-id=\"0825296\" data-element_type=\"widget\" data-e-type=\"widget\" data-settings=\"{&quot;youtube_url&quot;:&quot;https:\\\/\\\/www.youtube.com\\\/watch?v=jX6L8I4KmQA&quot;,&quot;video_type&quot;:&quot;youtube&quot;,&quot;controls&quot;:&quot;yes&quot;}\" data-widget_type=\"video.default\">\n\t\t\t\t<div class=\"elementor-widget-container\">\n\t\t\t\t\t\t\t<div class=\"elementor-wrapper elementor-open-inline\">\n\t\t\t<div class=\"elementor-video\"><\/div>\t\t<\/div>\n\t\t\t\t\t\t<\/div>\n\t\t\t\t<\/div>\n\t\t\t\t\t<\/div>\n\t\t<\/div>\n\t\t\t\t\t<\/div>\n\t\t<\/section>\n\t\t\t\t<section class=\"elementor-section elementor-inner-section elementor-element elementor-element-b486d4d elementor-section-boxed elementor-section-height-default elementor-section-height-default\" data-id=\"b486d4d\" data-element_type=\"section\" data-e-type=\"section\">\n\t\t\t\t\t\t<div class=\"elementor-container elementor-column-gap-default\">\n\t\t\t\t\t<div class=\"elementor-column elementor-col-50 elementor-inner-column elementor-element elementor-element-dae82ee\" data-id=\"dae82ee\" data-element_type=\"column\" data-e-type=\"column\">\n\t\t\t<div class=\"elementor-widget-wrap elementor-element-populated\">\n\t\t\t\t\t\t<div class=\"elementor-element elementor-element-c1fd2ff elementor-widget elementor-widget-video\" data-id=\"c1fd2ff\" data-element_type=\"widget\" data-e-type=\"widget\" data-settings=\"{&quot;youtube_url&quot;:&quot;https:\\\/\\\/www.youtube.com\\\/watch?v=ee_UuldaAyg&quot;,&quot;video_type&quot;:&quot;youtube&quot;,&quot;controls&quot;:&quot;yes&quot;}\" data-widget_type=\"video.default\">\n\t\t\t\t<div class=\"elementor-widget-container\">\n\t\t\t\t\t\t\t<div class=\"elementor-wrapper elementor-open-inline\">\n\t\t\t<div class=\"elementor-video\"><\/div>\t\t<\/div>\n\t\t\t\t\t\t<\/div>\n\t\t\t\t<\/div>\n\t\t\t\t\t<\/div>\n\t\t<\/div>\n\t\t\t\t<div class=\"elementor-column elementor-col-50 elementor-inner-column elementor-element elementor-element-fde5bc0\" data-id=\"fde5bc0\" data-element_type=\"column\" data-e-type=\"column\">\n\t\t\t<div class=\"elementor-widget-wrap elementor-element-populated\">\n\t\t\t\t\t\t<div class=\"elementor-element elementor-element-c76f334 elementor-widget elementor-widget-video\" data-id=\"c76f334\" data-element_type=\"widget\" data-e-type=\"widget\" data-settings=\"{&quot;youtube_url&quot;:&quot;https:\\\/\\\/www.youtube.com\\\/watch?v=LUxLsRyZIMA&quot;,&quot;video_type&quot;:&quot;youtube&quot;,&quot;controls&quot;:&quot;yes&quot;}\" data-widget_type=\"video.default\">\n\t\t\t\t<div class=\"elementor-widget-container\">\n\t\t\t\t\t\t\t<div class=\"elementor-wrapper elementor-open-inline\">\n\t\t\t<div class=\"elementor-video\"><\/div>\t\t<\/div>\n\t\t\t\t\t\t<\/div>\n\t\t\t\t<\/div>\n\t\t\t\t\t<\/div>\n\t\t<\/div>\n\t\t\t\t\t<\/div>\n\t\t<\/section>\n\t\t\t\t<section class=\"elementor-section elementor-inner-section elementor-element elementor-element-3294940 elementor-section-boxed elementor-section-height-default elementor-section-height-default\" data-id=\"3294940\" data-element_type=\"section\" data-e-type=\"section\">\n\t\t\t\t\t\t<div class=\"elementor-container elementor-column-gap-default\">\n\t\t\t\t\t<div class=\"elementor-column elementor-col-33 elementor-inner-column elementor-element elementor-element-752e7cb\" data-id=\"752e7cb\" data-element_type=\"column\" data-e-type=\"column\">\n\t\t\t<div class=\"elementor-widget-wrap\">\n\t\t\t\t\t\t\t<\/div>\n\t\t<\/div>\n\t\t\t\t<div class=\"elementor-column elementor-col-33 elementor-inner-column elementor-element elementor-element-da3e834\" data-id=\"da3e834\" data-element_type=\"column\" data-e-type=\"column\">\n\t\t\t<div class=\"elementor-widget-wrap elementor-element-populated\">\n\t\t\t\t\t\t<div class=\"elementor-element elementor-element-1f7e2c3 elementor-widget elementor-widget-video\" data-id=\"1f7e2c3\" data-element_type=\"widget\" data-e-type=\"widget\" data-settings=\"{&quot;youtube_url&quot;:&quot;https:\\\/\\\/www.youtube.com\\\/watch?v=VzDVYwlZN4w&quot;,&quot;video_type&quot;:&quot;youtube&quot;,&quot;controls&quot;:&quot;yes&quot;}\" data-widget_type=\"video.default\">\n\t\t\t\t<div class=\"elementor-widget-container\">\n\t\t\t\t\t\t\t<div class=\"elementor-wrapper elementor-open-inline\">\n\t\t\t<div class=\"elementor-video\"><\/div>\t\t<\/div>\n\t\t\t\t\t\t<\/div>\n\t\t\t\t<\/div>\n\t\t\t\t\t<\/div>\n\t\t<\/div>\n\t\t\t\t<div class=\"elementor-column elementor-col-33 elementor-inner-column elementor-element elementor-element-8488695\" data-id=\"8488695\" data-element_type=\"column\" data-e-type=\"column\">\n\t\t\t<div class=\"elementor-widget-wrap\">\n\t\t\t\t\t\t\t<\/div>\n\t\t<\/div>\n\t\t\t\t\t<\/div>\n\t\t<\/section>\n\t\t\t\t<section class=\"elementor-section elementor-inner-section elementor-element elementor-element-5e59a8e elementor-section-boxed elementor-section-height-default elementor-section-height-default\" data-id=\"5e59a8e\" data-element_type=\"section\" data-e-type=\"section\">\n\t\t\t\t\t\t<div class=\"elementor-container elementor-column-gap-default\">\n\t\t\t\t\t<div class=\"elementor-column elementor-col-33 elementor-inner-column elementor-element elementor-element-969c5bf\" data-id=\"969c5bf\" data-element_type=\"column\" data-e-type=\"column\">\n\t\t\t<div class=\"elementor-widget-wrap\">\n\t\t\t\t\t\t\t<\/div>\n\t\t<\/div>\n\t\t\t\t<div class=\"elementor-column elementor-col-33 elementor-inner-column elementor-element elementor-element-eee5de4\" data-id=\"eee5de4\" data-element_type=\"column\" data-e-type=\"column\">\n\t\t\t<div class=\"elementor-widget-wrap elementor-element-populated\">\n\t\t\t\t\t\t<div class=\"elementor-element elementor-element-0ec08ee elementor-widget elementor-widget-video\" data-id=\"0ec08ee\" data-element_type=\"widget\" data-e-type=\"widget\" data-settings=\"{&quot;youtube_url&quot;:&quot;https:\\\/\\\/www.youtube.com\\\/watch?v=BmGyei5SdXw&quot;,&quot;video_type&quot;:&quot;youtube&quot;,&quot;controls&quot;:&quot;yes&quot;}\" data-widget_type=\"video.default\">\n\t\t\t\t<div class=\"elementor-widget-container\">\n\t\t\t\t\t\t\t<div class=\"elementor-wrapper elementor-open-inline\">\n\t\t\t<div class=\"elementor-video\"><\/div>\t\t<\/div>\n\t\t\t\t\t\t<\/div>\n\t\t\t\t<\/div>\n\t\t\t\t\t<\/div>\n\t\t<\/div>\n\t\t\t\t<div class=\"elementor-column elementor-col-33 elementor-inner-column elementor-element elementor-element-72e4e32\" data-id=\"72e4e32\" data-element_type=\"column\" data-e-type=\"column\">\n\t\t\t<div class=\"elementor-widget-wrap\">\n\t\t\t\t\t\t\t<\/div>\n\t\t<\/div>\n\t\t\t\t\t<\/div>\n\t\t<\/section>\n\t\t\t\t\t<\/div>\n\t\t<\/div>\n\t\t\t\t\t<\/div>\n\t\t<\/section>\n\t\t\t\t<\/div>\n\t\t","protected":false},"excerpt":{"rendered":"<p>En esta p\u00e1gina podr\u00e9is encontrar una selecci\u00f3n de v\u00eddeos de himnos, m\u00fasicas y toques militares sobre nuestro Regimiento, la Divisi\u00f3n Acorazada, el arma de Caballer\u00eda y otras m\u00fasicas y marchas militares. https:\/\/www.youtube.com\/watch?v=yrlaitY-xN0https:\/\/www.youtube.com\/watch?v=W61j6boEazwhttps:\/\/www.youtube.com\/watch?v=dkE9GsMONBshttps:\/\/www.youtube.com\/watch?v=OX01w4je45chttps:\/\/www.youtube.com\/watch?v=H28h3HaiMXAhttps:\/\/www.youtube.com\/watch?v=jX6L8I4KmQAhttps:\/\/www.youtube.com\/watch?v=ee_UuldaAyghttps:\/\/www.youtube.com\/watch?v=LUxLsRyZIMAhttps:\/\/www.youtube.com\/watch?v=VzDVYwlZN4whttps:\/\/www.youtube.com\/watch?v=BmGyei5SdXw<\/p>\n","protected":false},"author":1,"featured_media":14972,"parent":0,"menu_order":0,"comment_status":"open","ping_status":"closed","template":"","meta":{"_eb_attr":"","footnotes":""},"class_list":["post-1206","page","type-page","status-publish","has-post-thumbnail","hentry"],"yoast_head":"<!-- This site is optimized with the Yoast SEO plugin v26.9 - https:\/\/yoast.com\/product\/yoast-seo-wordpress\/ -->\n<title>M\u00fasicas militares - ASVET RCLAC 14<\/title>\n<meta name=\"robots\" content=\"index, follow, max-snippet:-1, max-image-preview:large, max-video-preview:-1\" \/>\n<link rel=\"canonical\" href=\"https:\/\/asociacionveteranosvillaviciosa14.com\/index.php\/musicas-militares\/\" \/>\n<meta property=\"og:locale\" content=\"es_ES\" \/>\n<meta property=\"og:type\" content=\"article\" \/>\n<meta property=\"og:title\" content=\"M\u00fasicas militares - ASVET RCLAC 14\" \/>\n<meta property=\"og:description\" content=\"En esta p\u00e1gina podr\u00e9is encontrar una selecci\u00f3n de v\u00eddeos de himnos, m\u00fasicas y toques militares sobre nuestro Regimiento, la Divisi\u00f3n Acorazada, el arma de Caballer\u00eda y otras m\u00fasicas y marchas militares. https:\/\/www.youtube.com\/watch?v=yrlaitY-xN0https:\/\/www.youtube.com\/watch?v=W61j6boEazwhttps:\/\/www.youtube.com\/watch?v=dkE9GsMONBshttps:\/\/www.youtube.com\/watch?v=OX01w4je45chttps:\/\/www.youtube.com\/watch?v=H28h3HaiMXAhttps:\/\/www.youtube.com\/watch?v=jX6L8I4KmQAhttps:\/\/www.youtube.com\/watch?v=ee_UuldaAyghttps:\/\/www.youtube.com\/watch?v=LUxLsRyZIMAhttps:\/\/www.youtube.com\/watch?v=VzDVYwlZN4whttps:\/\/www.youtube.com\/watch?v=BmGyei5SdXw\" \/>\n<meta property=\"og:url\" content=\"https:\/\/asociacionveteranosvillaviciosa14.com\/index.php\/musicas-militares\/\" \/>\n<meta property=\"og:site_name\" content=\"ASVET RCLAC 14\" \/>\n<meta property=\"article:publisher\" content=\"https:\/\/www.facebook.com\/VeteranosRclacVillaviciosa14\" \/>\n<meta property=\"article:modified_time\" content=\"2023-02-10T00:45:37+00:00\" \/>\n<meta property=\"og:image\" content=\"https:\/\/asociacionveteranosvillaviciosa14.com\/wp-content\/uploads\/2013\/01\/cropped-cropped-cabecera71.jpg\" \/>\n\t<meta property=\"og:image:width\" content=\"2000\" \/>\n\t<meta property=\"og:image:height\" content=\"550\" \/>\n\t<meta property=\"og:image:type\" content=\"image\/jpeg\" \/>\n<meta name=\"twitter:card\" content=\"summary_large_image\" \/>\n<meta name=\"twitter:site\" content=\"@RCLAC14\" \/>\n<meta name=\"twitter:label1\" content=\"Tiempo de lectura\" \/>\n\t<meta name=\"twitter:data1\" content=\"1 minuto\" \/>\n<script type=\"application\/ld+json\" class=\"yoast-schema-graph\">{\"@context\":\"https:\/\/schema.org\",\"@graph\":[{\"@type\":\"WebPage\",\"@id\":\"https:\/\/asociacionveteranosvillaviciosa14.com\/index.php\/musicas-militares\/\",\"url\":\"https:\/\/asociacionveteranosvillaviciosa14.com\/index.php\/musicas-militares\/\",\"name\":\"M\u00fasicas militares - ASVET RCLAC 14\",\"isPartOf\":{\"@id\":\"https:\/\/asociacionveteranosvillaviciosa14.com\/#website\"},\"primaryImageOfPage\":{\"@id\":\"https:\/\/asociacionveteranosvillaviciosa14.com\/index.php\/musicas-militares\/#primaryimage\"},\"image\":{\"@id\":\"https:\/\/asociacionveteranosvillaviciosa14.com\/index.php\/musicas-militares\/#primaryimage\"},\"thumbnailUrl\":\"https:\/\/asociacionveteranosvillaviciosa14.com\/wp-content\/uploads\/2013\/01\/cropped-cropped-cabecera71.jpg\",\"datePublished\":\"2013-02-02T11:15:11+00:00\",\"dateModified\":\"2023-02-10T00:45:37+00:00\",\"breadcrumb\":{\"@id\":\"https:\/\/asociacionveteranosvillaviciosa14.com\/index.php\/musicas-militares\/#breadcrumb\"},\"inLanguage\":\"es\",\"potentialAction\":[{\"@type\":\"ReadAction\",\"target\":[\"https:\/\/asociacionveteranosvillaviciosa14.com\/index.php\/musicas-militares\/\"]}]},{\"@type\":\"ImageObject\",\"inLanguage\":\"es\",\"@id\":\"https:\/\/asociacionveteranosvillaviciosa14.com\/index.php\/musicas-militares\/#primaryimage\",\"url\":\"https:\/\/asociacionveteranosvillaviciosa14.com\/wp-content\/uploads\/2013\/01\/cropped-cropped-cabecera71.jpg\",\"contentUrl\":\"https:\/\/asociacionveteranosvillaviciosa14.com\/wp-content\/uploads\/2013\/01\/cropped-cropped-cabecera71.jpg\",\"width\":2000,\"height\":550},{\"@type\":\"BreadcrumbList\",\"@id\":\"https:\/\/asociacionveteranosvillaviciosa14.com\/index.php\/musicas-militares\/#breadcrumb\",\"itemListElement\":[{\"@type\":\"ListItem\",\"position\":1,\"name\":\"Portada\",\"item\":\"https:\/\/asociacionveteranosvillaviciosa14.com\/\"},{\"@type\":\"ListItem\",\"position\":2,\"name\":\"M\u00fasicas militares\"}]},{\"@type\":\"WebSite\",\"@id\":\"https:\/\/asociacionveteranosvillaviciosa14.com\/#website\",\"url\":\"https:\/\/asociacionveteranosvillaviciosa14.com\/\",\"name\":\"ASVET RCLAC 14\",\"description\":\"Asociaci\u00f3n de Veteranos de RCLAC Villaviciosa 14\",\"publisher\":{\"@id\":\"https:\/\/asociacionveteranosvillaviciosa14.com\/#organization\"},\"potentialAction\":[{\"@type\":\"SearchAction\",\"target\":{\"@type\":\"EntryPoint\",\"urlTemplate\":\"https:\/\/asociacionveteranosvillaviciosa14.com\/?s={search_term_string}\"},\"query-input\":{\"@type\":\"PropertyValueSpecification\",\"valueRequired\":true,\"valueName\":\"search_term_string\"}}],\"inLanguage\":\"es\"},{\"@type\":\"Organization\",\"@id\":\"https:\/\/asociacionveteranosvillaviciosa14.com\/#organization\",\"name\":\"Asociaci\u00f3n de Veteranos del RCLAC Villaviciosa 14\",\"url\":\"https:\/\/asociacionveteranosvillaviciosa14.com\/\",\"logo\":{\"@type\":\"ImageObject\",\"inLanguage\":\"es\",\"@id\":\"https:\/\/asociacionveteranosvillaviciosa14.com\/#\/schema\/logo\/image\/\",\"url\":\"https:\/\/asociacionveteranosvillaviciosa14.com\/wp-content\/uploads\/2023\/02\/cropped-Logo-ASVET.webp\",\"contentUrl\":\"https:\/\/asociacionveteranosvillaviciosa14.com\/wp-content\/uploads\/2023\/02\/cropped-Logo-ASVET.webp\",\"width\":1080,\"height\":1080,\"caption\":\"Asociaci\u00f3n de Veteranos del RCLAC Villaviciosa 14\"},\"image\":{\"@id\":\"https:\/\/asociacionveteranosvillaviciosa14.com\/#\/schema\/logo\/image\/\"},\"sameAs\":[\"https:\/\/www.facebook.com\/VeteranosRclacVillaviciosa14\",\"https:\/\/x.com\/RCLAC14\"]}]}<\/script>\n<!-- \/ Yoast SEO plugin. -->","yoast_head_json":{"title":"M\u00fasicas militares - ASVET RCLAC 14","robots":{"index":"index","follow":"follow","max-snippet":"max-snippet:-1","max-image-preview":"max-image-preview:large","max-video-preview":"max-video-preview:-1"},"canonical":"https:\/\/asociacionveteranosvillaviciosa14.com\/index.php\/musicas-militares\/","og_locale":"es_ES","og_type":"article","og_title":"M\u00fasicas militares - ASVET RCLAC 14","og_description":"En esta p\u00e1gina podr\u00e9is encontrar una selecci\u00f3n de v\u00eddeos de himnos, m\u00fasicas y toques militares sobre nuestro Regimiento, la Divisi\u00f3n Acorazada, el arma de Caballer\u00eda y otras m\u00fasicas y marchas militares. https:\/\/www.youtube.com\/watch?v=yrlaitY-xN0https:\/\/www.youtube.com\/watch?v=W61j6boEazwhttps:\/\/www.youtube.com\/watch?v=dkE9GsMONBshttps:\/\/www.youtube.com\/watch?v=OX01w4je45chttps:\/\/www.youtube.com\/watch?v=H28h3HaiMXAhttps:\/\/www.youtube.com\/watch?v=jX6L8I4KmQAhttps:\/\/www.youtube.com\/watch?v=ee_UuldaAyghttps:\/\/www.youtube.com\/watch?v=LUxLsRyZIMAhttps:\/\/www.youtube.com\/watch?v=VzDVYwlZN4whttps:\/\/www.youtube.com\/watch?v=BmGyei5SdXw","og_url":"https:\/\/asociacionveteranosvillaviciosa14.com\/index.php\/musicas-militares\/","og_site_name":"ASVET RCLAC 14","article_publisher":"https:\/\/www.facebook.com\/VeteranosRclacVillaviciosa14","article_modified_time":"2023-02-10T00:45:37+00:00","og_image":[{"width":2000,"height":550,"url":"https:\/\/asociacionveteranosvillaviciosa14.com\/wp-content\/uploads\/2013\/01\/cropped-cropped-cabecera71.jpg","type":"image\/jpeg"}],"twitter_card":"summary_large_image","twitter_site":"@RCLAC14","twitter_misc":{"Tiempo de lectura":"1 minuto"},"schema":{"@context":"https:\/\/schema.org","@graph":[{"@type":"WebPage","@id":"https:\/\/asociacionveteranosvillaviciosa14.com\/index.php\/musicas-militares\/","url":"https:\/\/asociacionveteranosvillaviciosa14.com\/index.php\/musicas-militares\/","name":"M\u00fasicas militares - ASVET RCLAC 14","isPartOf":{"@id":"https:\/\/asociacionveteranosvillaviciosa14.com\/#website"},"primaryImageOfPage":{"@id":"https:\/\/asociacionveteranosvillaviciosa14.com\/index.php\/musicas-militares\/#primaryimage"},"image":{"@id":"https:\/\/asociacionveteranosvillaviciosa14.com\/index.php\/musicas-militares\/#primaryimage"},"thumbnailUrl":"https:\/\/asociacionveteranosvillaviciosa14.com\/wp-content\/uploads\/2013\/01\/cropped-cropped-cabecera71.jpg","datePublished":"2013-02-02T11:15:11+00:00","dateModified":"2023-02-10T00:45:37+00:00","breadcrumb":{"@id":"https:\/\/asociacionveteranosvillaviciosa14.com\/index.php\/musicas-militares\/#breadcrumb"},"inLanguage":"es","potentialAction":[{"@type":"ReadAction","target":["https:\/\/asociacionveteranosvillaviciosa14.com\/index.php\/musicas-militares\/"]}]},{"@type":"ImageObject","inLanguage":"es","@id":"https:\/\/asociacionveteranosvillaviciosa14.com\/index.php\/musicas-militares\/#primaryimage","url":"https:\/\/asociacionveteranosvillaviciosa14.com\/wp-content\/uploads\/2013\/01\/cropped-cropped-cabecera71.jpg","contentUrl":"https:\/\/asociacionveteranosvillaviciosa14.com\/wp-content\/uploads\/2013\/01\/cropped-cropped-cabecera71.jpg","width":2000,"height":550},{"@type":"BreadcrumbList","@id":"https:\/\/asociacionveteranosvillaviciosa14.com\/index.php\/musicas-militares\/#breadcrumb","itemListElement":[{"@type":"ListItem","position":1,"name":"Portada","item":"https:\/\/asociacionveteranosvillaviciosa14.com\/"},{"@type":"ListItem","position":2,"name":"M\u00fasicas militares"}]},{"@type":"WebSite","@id":"https:\/\/asociacionveteranosvillaviciosa14.com\/#website","url":"https:\/\/asociacionveteranosvillaviciosa14.com\/","name":"ASVET RCLAC 14","description":"Asociaci\u00f3n de Veteranos de RCLAC Villaviciosa 14","publisher":{"@id":"https:\/\/asociacionveteranosvillaviciosa14.com\/#organization"},"potentialAction":[{"@type":"SearchAction","target":{"@type":"EntryPoint","urlTemplate":"https:\/\/asociacionveteranosvillaviciosa14.com\/?s={search_term_string}"},"query-input":{"@type":"PropertyValueSpecification","valueRequired":true,"valueName":"search_term_string"}}],"inLanguage":"es"},{"@type":"Organization","@id":"https:\/\/asociacionveteranosvillaviciosa14.com\/#organization","name":"Asociaci\u00f3n de Veteranos del RCLAC Villaviciosa 14","url":"https:\/\/asociacionveteranosvillaviciosa14.com\/","logo":{"@type":"ImageObject","inLanguage":"es","@id":"https:\/\/asociacionveteranosvillaviciosa14.com\/#\/schema\/logo\/image\/","url":"https:\/\/asociacionveteranosvillaviciosa14.com\/wp-content\/uploads\/2023\/02\/cropped-Logo-ASVET.webp","contentUrl":"https:\/\/asociacionveteranosvillaviciosa14.com\/wp-content\/uploads\/2023\/02\/cropped-Logo-ASVET.webp","width":1080,"height":1080,"caption":"Asociaci\u00f3n de Veteranos del RCLAC Villaviciosa 14"},"image":{"@id":"https:\/\/asociacionveteranosvillaviciosa14.com\/#\/schema\/logo\/image\/"},"sameAs":["https:\/\/www.facebook.com\/VeteranosRclacVillaviciosa14","https:\/\/x.com\/RCLAC14"]}]}},"_links":{"self":[{"href":"https:\/\/asociacionveteranosvillaviciosa14.com\/index.php\/wp-json\/wp\/v2\/pages\/1206","targetHints":{"allow":["GET"]}}],"collection":[{"href":"https:\/\/asociacionveteranosvillaviciosa14.com\/index.php\/wp-json\/wp\/v2\/pages"}],"about":[{"href":"https:\/\/asociacionveteranosvillaviciosa14.com\/index.php\/wp-json\/wp\/v2\/types\/page"}],"author":[{"embeddable":true,"href":"https:\/\/asociacionveteranosvillaviciosa14.com\/index.php\/wp-json\/wp\/v2\/users\/1"}],"replies":[{"embeddable":true,"href":"https:\/\/asociacionveteranosvillaviciosa14.com\/index.php\/wp-json\/wp\/v2\/comments?post=1206"}],"version-history":[{"count":5,"href":"https:\/\/asociacionveteranosvillaviciosa14.com\/index.php\/wp-json\/wp\/v2\/pages\/1206\/revisions"}],"predecessor-version":[{"id":15631,"href":"https:\/\/asociacionveteranosvillaviciosa14.com\/index.php\/wp-json\/wp\/v2\/pages\/1206\/revisions\/15631"}],"wp:featuredmedia":[{"embeddable":true,"href":"https:\/\/asociacionveteranosvillaviciosa14.com\/index.php\/wp-json\/wp\/v2\/media\/14972"}],"wp:attachment":[{"href":"https:\/\/asociacionveteranosvillaviciosa14.com\/index.php\/wp-json\/wp\/v2\/media?parent=1206"}],"curies":[{"name":"wp","href":"https:\/\/api.w.org\/{rel}","templated":true}]}}